{"id":9888,"date":"2017-02-08T09:59:59","date_gmt":"2017-02-08T09:59:59","guid":{"rendered":"https:\/\/kenanyavuzetnografyamuzesi.org\/iletisim\/"},"modified":"2020-09-07T08:04:19","modified_gmt":"2020-09-07T05:04:19","slug":"contact","status":"publish","type":"page","link":"https:\/\/www.kenanyavuzetnografyamuzesi.org\/en\/contact\/","title":{"rendered":"Contact"},"content":{"rendered":"<p>[vc_row full_height=&#8221;yes&#8221; columns_placement=&#8221;top&#8221; equal_height=&#8221;yes&#8221;][vc_column offset=&#8221;vc_col-lg-8&#8243; css=&#8221;.vc_custom_1485439524000{padding-top: 58px !important;}&#8221;][vc_custom_heading text=&#8221;Contact Details&#8221; google_fonts=&#8221;font_family:Poppins%3A300%2Cregular%2C500%2C600%2C700|font_style:700%20bold%3A700%3Anormal&#8221; css=&#8221;.vc_custom_1599435034989{margin-bottom: 51px !important;}&#8221;][vc_column_text css=&#8221;.vc_custom_1599455055592{margin-bottom: 30px !important;}&#8221;]<span style=\"font-family: Montserrat; color: #444444; font-size: 16px; letter-spacing: -0.4px;\">THANK YOU FOR VISITING US.<br \/>\nYour ideas and suggestions are very valuable to us, please write to us.<\/span>[\/vc_column_text][vc_row_inner][vc_column_inner width=&#8221;1\/2&#8243; css=&#8221;.vc_custom_1485495966997{margin-bottom: 5px !important;}&#8221;][vc_custom_heading stripe_pos=&#8221;hide&#8221; text=&#8221;Kenan Yavuz Ethnography Museum&#8221; font_container=&#8221;tag:h3|font_size:20px|text_align:left|color:%23222222|line_height:45px&#8221; google_fonts=&#8221;font_family:Montserrat%3Aregular%2C700|font_style:700%20bold%20regular%3A700%3Anormal&#8221; el_class=&#8221;border_base_color&#8221; css=&#8221;.vc_custom_1599435052673{margin-top: -5px !important;margin-bottom: -13px !important;border-top-width: 3px !important;border-top-style: solid !important;}&#8221;][stm_contacts_widget style=&#8221;style_4&#8243; address=&#8221;Be\u015fp\u0131nar K\u00f6y\u00fc Demir\u00f6z\u00fc-BAYBURT&#8221; phones_all=&#8221;+1 212 386 5575<\/p>\n<p>+1 212 386 7575&#8243; phone=&#8221;0537 584 79 81&#8243; phone_two=&#8221;0552 436 69 24&#8243;][\/vc_column_inner][vc_column_inner width=&#8221;1\/2&#8243; css=&#8221;.vc_custom_1485495976629{margin-bottom: 5px !important;}&#8221;][vc_custom_heading stripe_pos=&#8221;hide&#8221; text=&#8221;\u0130rfan Plastik ve Kal\u0131p San. Tic. A.\u015e.&#8221; font_container=&#8221;tag:h3|font_size:20px|text_align:left|color:%23222222|line_height:45px&#8221; google_fonts=&#8221;font_family:Montserrat%3Aregular%2C700|font_style:700%20bold%20regular%3A700%3Anormal&#8221; el_class=&#8221;border_base_color&#8221; css=&#8221;.vc_custom_1598822010681{margin-top: -5px !important;margin-bottom: -8px !important;border-top-width: 3px !important;border-top-style: solid !important;}&#8221;][stm_contacts_widget style=&#8221;style_4&#8243; address=&#8221;\u00c7erke\u015fli OSB Mah. \u0130MES 5. Bul. No:24<br \/>\nKOCAEL\u0130 \/ Dilovas\u0131&#8221; phones_all=&#8221;+1 212 386 5575<\/p>\n<p>+1 212 386 7575&#8243; phone=&#8221;(0262) 502 45 46&#8243; phone_two=&#8221;0552 436 69 24&#8243;][\/vc_column_inner][\/vc_row_inner][vc_row_inner css=&#8221;.vc_custom_1485437972924{margin-bottom: 30px !important;}&#8221;][vc_column_inner width=&#8221;2\/3&#8243; css=&#8221;.vc_custom_1485495781846{margin-bottom: 20px !important;}&#8221;][vc_custom_heading stripe_pos=&#8221;hide&#8221; text=&#8221;E-Mail Adresses&#8221; font_container=&#8221;tag:h3|font_size:20px|text_align:left|color:%23222222|line_height:45px&#8221; google_fonts=&#8221;font_family:Montserrat%3Aregular%2C700|font_style:700%20bold%20regular%3A700%3Anormal&#8221; el_class=&#8221;border_base_color&#8221; css=&#8221;.vc_custom_1599435075162{margin-top: -5px !important;margin-bottom: -8px !important;border-top-width: 3px !important;border-top-style: solid !important;}&#8221;][stm_contact style=&#8221;style_2&#8243; email=&#8221;semanuryavuz@kenanyavuzetnografyamuzesi.org&#8221;][stm_contact style=&#8221;style_2&#8243; email=&#8221;kenanyavuz@kenanyavuzetnografyamuzesi.org&#8221;][stm_contact style=&#8221;style_2&#8243; email=&#8221;dilekyakut@kenanyavuzetnografyamuzesi.org&#8221;][\/vc_column_inner][vc_column_inner width=&#8221;1\/3&#8243; css=&#8221;.vc_custom_1485495786512{margin-bottom: 20px !important;}&#8221;][vc_custom_heading stripe_pos=&#8221;hide&#8221; text=&#8221;social media&#8221; font_container=&#8221;tag:h3|font_size:20px|text_align:left|color:%23222222|line_height:45px&#8221; google_fonts=&#8221;font_family:Montserrat%3Aregular%2C700|font_style:700%20bold%20regular%3A700%3Anormal&#8221; el_class=&#8221;border_base_color&#8221; css=&#8221;.vc_custom_1599435094935{margin-top: -7px !important;margin-bottom: -22px !important;border-top-width: 3px !important;padding-top: 0px !important;padding-bottom: 16px !important;border-top-style: solid !important;}&#8221;][stm_share_buttons css=&#8221;.vc_custom_1598822740499{padding-top: 5px !important;padding-bottom: 5px !important;}&#8221;][\/vc_column_inner][\/vc_row_inner][\/vc_column][vc_column css=&#8221;.vc_custom_1485496553792{padding-top: 20px !important;padding-bottom: 40px !important;background-color: #f2f2f2 !important;}&#8221; offset=&#8221;vc_col-lg-4&#8243; el_class=&#8221;form_full-right_width&#8221;][vc_custom_heading text=&#8221;ileti\u015fim formu&#8221; font_container=&#8221;tag:h4|text_align:left&#8221; google_fonts=&#8221;font_family:Montserrat%3Aregular%2C700|font_style:700%20bold%20regular%3A700%3Anormal&#8221;]<div role=\"form\" class=\"wpcf7\" id=\"wpcf7-f1178-o1\" lang=\"en-US\" dir=\"ltr\">\n<div class=\"screen-reader-response\"><p role=\"status\" aria-live=\"polite\" aria-atomic=\"true\"><\/p> <ul><\/ul><\/div>\n<form action=\"\/en\/wp-json\/wp\/v2\/pages\/9888#wpcf7-f1178-o1\" method=\"post\" class=\"wpcf7-form init\" novalidate=\"novalidate\" data-status=\"init\">\n<div style=\"display: none;\">\n<input type=\"hidden\" name=\"_wpcf7\" value=\"1178\" \/>\n<input type=\"hidden\" name=\"_wpcf7_version\" value=\"5.4\" \/>\n<input type=\"hidden\" name=\"_wpcf7_locale\" value=\"en_US\" \/>\n<input type=\"hidden\" name=\"_wpcf7_unit_tag\" value=\"wpcf7-f1178-o1\" \/>\n<input type=\"hidden\" name=\"_wpcf7_container_post\" value=\"0\" \/>\n<input type=\"hidden\" name=\"_wpcf7_posted_data_hash\" value=\"\" \/>\n<\/div>\n<div class=\"request_callback\">\n<div class=\"input-group\">\n            <span class=\"wpcf7-form-control-wrap message\"><textarea name=\"message\" cols=\"40\" rows=\"10\" class=\"wpcf7-form-control wpcf7-textarea wpcf7-validates-as-required height147\" aria-required=\"true\" aria-invalid=\"false\" placeholder=\"Mesaj\u0131n\u0131z *\"><\/textarea><\/span>\n        <\/div>\n<div class=\"input-group\">\n            <span class=\"wpcf7-form-control-wrap text-name\"><input type=\"text\" name=\"text-name\" value=\"\" size=\"40\" class=\"wpcf7-form-control wpcf7-text wpcf7-validates-as-required\" aria-required=\"true\" aria-invalid=\"false\" placeholder=\"\u0130sim *\" \/><\/span>\n        <\/div>\n<div class=\"input-group\">\n            <span class=\"wpcf7-form-control-wrap email\"><input type=\"email\" name=\"email\" value=\"\" size=\"40\" class=\"wpcf7-form-control wpcf7-text wpcf7-email wpcf7-validates-as-required wpcf7-validates-as-email\" aria-required=\"true\" aria-invalid=\"false\" placeholder=\"E-mail *\" \/><\/span>\n        <\/div>\n<div class=\"input-group\">\n            <span class=\"wpcf7-form-control-wrap menu-774\"><select name=\"menu-774\" class=\"wpcf7-form-control wpcf7-select wpcf7-validates-as-required\" aria-required=\"true\" aria-invalid=\"false\"><option value=\"\">\u0130leti\u015fim Nedeneni *<\/option><option value=\"Bilgi Almak\">Bilgi Almak<\/option><option value=\"Di\u011fer\">Di\u011fer<\/option><\/select><\/span>\n        <\/div>\n<div class=\"input-group\">\n            <span class=\"wpcf7-form-control-wrap subject\"><input type=\"text\" name=\"subject\" value=\"\" size=\"40\" class=\"wpcf7-form-control wpcf7-text wpcf7-validates-as-required\" aria-required=\"true\" aria-invalid=\"false\" placeholder=\"Konu *\" \/><\/span>\n        <\/div>\n<div class=\"input-group\">\n            <button type=\"submit\" class=\"button size-lg icon_right\">G\u00f6nder <i class=\"fa fa-chevron-right\"><\/i><\/button>\n        <\/div>\n<\/div>\n<div class=\"wpcf7-response-output\" aria-hidden=\"true\"><\/div><\/form><\/div>[\/vc_column][\/vc_row][vc_row full_width=&#8221;stretch_row_content_no_spaces&#8221; css=&#8221;.vc_custom_1485437951034{margin-bottom: -60px !important;}&#8221;][vc_column][vc_gmaps link=&#8221;#E-8_JTNDaWZyYW1lJTIwc3JjJTNEJTIyaHR0cHMlM0ElMkYlMkZ3d3cuZ29vZ2xlLmNvbSUyRm1hcHMlMkZlbWJlZCUzRnBiJTNEJTIxMW0xNCUyMTFtOCUyMTFtMyUyMTFkMTIyMTkuOTk3NDc5MzkyMzEyJTIxMmQzOS44NTUzMDE3JTIxM2Q0MC4wMzA3OTM1JTIxM20yJTIxMWkxMDI0JTIxMmk3NjglMjE0ZjEzLjElMjEzbTMlMjExbTIlMjExczB4MCUyNTNBMHgzNTdmNDI4NjBhODIzMmRiJTIxMnNLZW5hbiUyNTIwWWF2dXolMjUyMEV0bm8lMjVDNCUyNTlGcmFmeWElMjUyME0lMjVDMyUyNUJDemVzaSUyMTVlMCUyMTNtMiUyMTFzdHIlMjEyc3RyJTIxNHYxNTk4ODIzMTIwMDI2JTIxNW0yJTIxMXN0ciUyMTJzdHIlMjIlMjB3aWR0aCUzRCUyMjEwMCUyNSUyMiUyMGhlaWdodCUzRCUyMjM4MiUyMiUyMGZyYW1lYm9yZGVyJTNEJTIyMCUyMiUyMHN0eWxlJTNEJTIyYm9yZGVyJTNBMCUzQiUyMiUyMGFsbG93ZnVsbHNjcmVlbiUzRCUyMiUyMiUyMGFyaWEtaGlkZGVuJTNEJTIyZmFsc2UlMjIlMjB0YWJpbmRleCUzRCUyMjAlMjIlM0UlM0MlMkZpZnJhbWUlM0U=&#8221;][\/vc_column][\/vc_row]<\/p>\n","protected":false},"excerpt":{"rendered":"<p>[vc_row full_height=&#8221;yes&#8221; columns_placement=&#8221;top&#8221; equal_height=&#8221;yes&#8221;][vc_column offset=&#8221;vc_col-lg-8&#8243; css=&#8221;.vc_custom_1485439524000{padding-top: 58px !important;}&#8221;][vc_custom_heading text=&#8221;Contact Details&#8221; google_fonts=&#8221;font_family:Poppins%3A300%2Cregular%2C500%2C600%2C700|font_style:700%20bold%3A700%3Anormal&#8221; css=&#8221;.vc_custom_1599435034989{margin-bottom: 51px !important;}&#8221;][vc_column_text css=&#8221;.vc_custom_1599455055592{margin-bottom: 30px !important;}&#8221;]THANK YOU FOR VISITING US. Your ideas and suggestions are very valuable to us, please write to us.[\/vc_column_text][vc_row_inner][vc_column_inner width=&#8221;1\/2&#8243; css=&#8221;.vc_custom_1485495966997{margin-bottom: 5px !important;}&#8221;][vc_custom_heading stripe_pos=&#8221;hide&#8221; text=&#8221;Kenan Yavuz Ethnography Museum&#8221; font_container=&#8221;tag:h3|font_size:20px|text_align:left|color:%23222222|line_height:45px&#8221; google_fonts=&#8221;font_family:Montserrat%3Aregular%2C700|font_style:700%20bold%20regular%3A700%3Anormal&#8221; el_class=&#8221;border_base_color&#8221; css=&#8221;.vc_custom_1599435052673{margin-top: -5px !important;margin-bottom: -13px !important;border-top-width: 3px !important;border-top-style: solid !important;}&#8221;][stm_contacts_widget<\/p>\n","protected":false},"author":1,"featured_media":0,"parent":0,"menu_order":0,"comment_status":"closed","ping_status":"closed","template":"","meta":[],"_links":{"self":[{"href":"https:\/\/www.kenanyavuzetnografyamuzesi.org\/en\/wp-json\/wp\/v2\/pages\/9888"}],"collection":[{"href":"https:\/\/www.kenanyavuzetnografyamuzesi.org\/en\/wp-json\/wp\/v2\/pages"}],"about":[{"href":"https:\/\/www.kenanyavuzetnografyamuzesi.org\/en\/wp-json\/wp\/v2\/types\/page"}],"author":[{"embeddable":true,"href":"https:\/\/www.kenanyavuzetnografyamuzesi.org\/en\/wp-json\/wp\/v2\/users\/1"}],"replies":[{"embeddable":true,"href":"https:\/\/www.kenanyavuzetnografyamuzesi.org\/en\/wp-json\/wp\/v2\/comments?post=9888"}],"version-history":[{"count":0,"href":"https:\/\/www.kenanyavuzetnografyamuzesi.org\/en\/wp-json\/wp\/v2\/pages\/9888\/revisions"}],"wp:attachment":[{"href":"https:\/\/www.kenanyavuzetnografyamuzesi.org\/en\/wp-json\/wp\/v2\/media?parent=9888"}],"curies":[{"name":"wp","href":"https:\/\/api.w.org\/{rel}","templated":true}]}}