{"id":9863,"date":"2020-08-28T08:04:52","date_gmt":"2020-08-28T05:04:52","guid":{"rendered":"https:\/\/kenanyavuzetnografyamuzesi.org\/video-galeri\/"},"modified":"2021-05-17T10:33:44","modified_gmt":"2021-05-17T07:33:44","slug":"video-gallery","status":"publish","type":"page","link":"https:\/\/www.kenanyavuzetnografyamuzesi.org\/en\/video-gallery\/","title":{"rendered":"Video Gallery"},"content":{"rendered":"<p>[vc_row full_width=&#8221;stretch_row&#8221; css=&#8221;.vc_custom_1598594068064{margin-bottom: 10px !important;padding-top: 40px !important;padding-bottom: 40px !important;}&#8221;][vc_column offset=&#8221;vc_col-lg-9 vc_col-md-9&#8243; css=&#8221;.vc_custom_1452702342137{padding-right: 45px !important;}&#8221;][vc_row_inner][vc_column_inner width=&#8221;1\/2&#8243;][vc_column_text]<iframe title=\"YouTube video player\" src=\"https:\/\/www.youtube.com\/embed\/d0hqwv0dMTU\" width=\"560\" height=\"315\" frameborder=\"0\" allowfullscreen=\"allowfullscreen\"><\/iframe>[\/vc_column_text][vc_column_text css=&#8221;.vc_custom_1621236633882{margin-top: -10px !important;}&#8221;]<strong>Avrupa\u2019da Y\u0131l\u0131n M\u00fczesi TRT HABER Ekran\u0131nda<\/strong>[\/vc_column_text][\/vc_column_inner][vc_column_inner width=&#8221;1\/2&#8243; css=&#8221;.vc_custom_1598593810600{border-left-width: 2px !important;border-left-style: solid !important;}&#8221;][vc_column_text]<iframe title=\"YouTube video player\" src=\"https:\/\/www.youtube.com\/embed\/HuiMqG5Qjfg\" width=\"560\" height=\"315\" frameborder=\"0\" allowfullscreen=\"allowfullscreen\"><\/iframe>[\/vc_column_text][vc_column_text css=&#8221;.vc_custom_1621236680056{margin-top: -10px !important;}&#8221;]<strong>Avrupa&#8217;da Y\u0131l\u0131n M\u00fczesi TRT Haber&#8217;de<\/strong>[\/vc_column_text][\/vc_column_inner][\/vc_row_inner][vc_separator color=&#8221;black&#8221; border_width=&#8221;2&#8243;][vc_row_inner][vc_column_inner width=&#8221;1\/2&#8243;][vc_column_text]<iframe src=\"https:\/\/www.youtube.com\/embed\/3-kY1fcWmbM\" width=\"560\" height=\"315\" frameborder=\"0\" allowfullscreen=\"allowfullscreen\"><\/iframe>[\/vc_column_text][vc_column_text css=&#8221;.vc_custom_1601361632374{margin-top: -10px !important;}&#8221;]<strong>Bayburt Haber \u0130le Yapt\u0131\u011f\u0131m\u0131z Rop\u00f6rtaj<\/strong>[\/vc_column_text][\/vc_column_inner][vc_column_inner width=&#8221;1\/2&#8243; css=&#8221;.vc_custom_1598593810600{border-left-width: 2px !important;border-left-style: solid !important;}&#8221;][vc_column_text]<iframe src=\"https:\/\/www.youtube.com\/embed\/4nXCAEqqKJ0\" width=\"560\" height=\"315\" frameborder=\"0\" allowfullscreen=\"allowfullscreen\"><\/iframe>[\/vc_column_text][vc_column_text css=&#8221;.vc_custom_1601361521046{margin-top: -10px !important;}&#8221;]<strong>Helva \u015eenli\u011fi<\/strong>[\/vc_column_text][\/vc_column_inner][\/vc_row_inner][vc_separator color=&#8221;black&#8221; border_width=&#8221;2&#8243;][vc_row_inner][vc_column_inner width=&#8221;1\/2&#8243;][vc_column_text]<iframe src=\"https:\/\/www.youtube.com\/embed\/KpL_Ou8C6Dc\" width=\"560\" height=\"315\" frameborder=\"0\" allowfullscreen=\"allowfullscreen\"><\/iframe>[\/vc_column_text][vc_column_text css=&#8221;.vc_custom_1598593544602{margin-top: -10px !important;}&#8221;]<strong>Kenan Yavuz Etnografya M\u00fczesinde Harman \u015eenli\u011fi<\/strong>[\/vc_column_text][\/vc_column_inner][vc_column_inner width=&#8221;1\/2&#8243; css=&#8221;.vc_custom_1598593810600{border-left-width: 2px !important;border-left-style: solid !important;}&#8221;][vc_column_text]<iframe src=\"https:\/\/www.youtube.com\/embed\/ZjdpJlMJ7iA\" width=\"560\" height=\"315\" frameborder=\"0\" allowfullscreen=\"allowfullscreen\"><\/iframe>[\/vc_column_text][vc_column_text css=&#8221;.vc_custom_1598593684760{margin-top: -10px !important;}&#8221;]<strong>Kenan Yavuz Etnografya M\u00fczesi Geleneksel Etkinlikler \u0130le Ziyaret\u00e7ilerini A\u011f\u0131rl\u0131yor.<\/strong>[\/vc_column_text][\/vc_column_inner][\/vc_row_inner][vc_separator color=&#8221;black&#8221; border_width=&#8221;2&#8243;][vc_row_inner][vc_column_inner width=&#8221;1\/2&#8243;][vc_column_text]<iframe src=\"https:\/\/www.youtube.com\/embed\/NYCCQte0X2c\" width=\"560\" height=\"315\" frameborder=\"0\" allowfullscreen=\"allowfullscreen\"><\/iframe>[\/vc_column_text][vc_column_text css=&#8221;.vc_custom_1598594138949{margin-top: -10px !important;}&#8221;]<strong>Etno\u011frafya M\u00fczesi T\u0131rpan \u015eenli\u011fi TRT ekranlar\u0131nda..<\/strong>[\/vc_column_text][\/vc_column_inner][vc_column_inner width=&#8221;1\/2&#8243; css=&#8221;.vc_custom_1598593810600{border-left-width: 2px !important;border-left-style: solid !important;}&#8221;][vc_column_text]<iframe src=\"https:\/\/www.youtube.com\/embed\/NvvjJ7h_Q7k\" width=\"560\" height=\"315\" frameborder=\"0\" allowfullscreen=\"allowfullscreen\"><\/iframe>[\/vc_column_text][vc_column_text css=&#8221;.vc_custom_1598594200784{margin-top: -10px !important;}&#8221;]<strong>M\u00fcze Kurucumuz Kenan Yavuz EkoT\u00fcrk\u2019te..<\/strong>[\/vc_column_text][\/vc_column_inner][\/vc_row_inner][vc_separator color=&#8221;black&#8221; border_width=&#8221;2&#8243;][vc_row_inner][vc_column_inner width=&#8221;1\/2&#8243;][vc_column_text]<iframe src=\"https:\/\/www.youtube.com\/embed\/zijyE23tp4w\" width=\"560\" height=\"315\" frameborder=\"0\" allowfullscreen=\"allowfullscreen\"><\/iframe>[\/vc_column_text][vc_column_text css=&#8221;.vc_custom_1598594377571{margin-top: -10px !important;}&#8221;]<strong>Kenan Yavuz Etno\u011frafya M\u00fczesi A Haber&#8217;de!<\/strong>[\/vc_column_text][\/vc_column_inner][vc_column_inner width=&#8221;1\/2&#8243; css=&#8221;.vc_custom_1598593810600{border-left-width: 2px !important;border-left-style: solid !important;}&#8221;][vc_column_text]<iframe src=\"https:\/\/www.youtube.com\/embed\/g-Vgba6Uyiw\" width=\"560\" height=\"315\" frameborder=\"0\" allowfullscreen=\"allowfullscreen\"><\/iframe>[\/vc_column_text][vc_column_text css=&#8221;.vc_custom_1598594440540{margin-top: -10px !important;}&#8221;]<strong>Kenan Yavuz Etnografya M\u00fczesi TRT Haber ekranlar\u0131nda..<\/strong>[\/vc_column_text][\/vc_column_inner][\/vc_row_inner][vc_separator color=&#8221;black&#8221; border_width=&#8221;2&#8243;][vc_row_inner][vc_column_inner width=&#8221;1\/2&#8243;][vc_column_text]<iframe src=\"https:\/\/www.youtube.com\/embed\/UgbfsksYoV4\" width=\"560\" height=\"315\" frameborder=\"0\" allowfullscreen=\"allowfullscreen\"><\/iframe>[\/vc_column_text][vc_column_text css=&#8221;.vc_custom_1598594534872{margin-top: -10px !important;}&#8221;]<strong>Bayburt&#8217;ta Kenan Yavuz K\u00fclt\u00fcr Evi ve Etno\u011frafya M\u00fczesi\u2019nde \u201c\u00c7inima\u00e7in \u00c7ini\u201d sergisi a\u00e7\u0131ld\u0131.<\/strong>[\/vc_column_text][\/vc_column_inner][vc_column_inner width=&#8221;1\/2&#8243; css=&#8221;.vc_custom_1598593810600{border-left-width: 2px !important;border-left-style: solid !important;}&#8221;][vc_column_text]<iframe src=\"https:\/\/www.youtube.com\/embed\/tUnzsP1cp8k\" width=\"560\" height=\"315\" frameborder=\"0\" allowfullscreen=\"allowfullscreen\"><\/iframe>[\/vc_column_text][vc_column_text css=&#8221;.vc_custom_1598594680266{margin-top: -10px !important;}&#8221;]<strong>Sanat Tarih\u00e7isi Bekleriz: \u201c\u00c7ok g\u00fczel bir fikir olmu\u015f; \u00e7ok be\u011fendim\u201d <\/strong>[\/vc_column_text][\/vc_column_inner][\/vc_row_inner][vc_separator color=&#8221;black&#8221; border_width=&#8221;2&#8243;][vc_row_inner][vc_column_inner width=&#8221;1\/2&#8243;][vc_column_text]<iframe src=\"https:\/\/www.youtube.com\/embed\/Yfnmkoh3qSE\" width=\"560\" height=\"315\" frameborder=\"0\" allowfullscreen=\"allowfullscreen\"><\/iframe>[\/vc_column_text][vc_column_text css=&#8221;.vc_custom_1598594754808{margin-top: -10px !important;}&#8221;]<strong>Kenan Yavuz K\u00fclt\u00fcr Evi&#8217;nde Ya\u015fam<\/strong>[\/vc_column_text][\/vc_column_inner][vc_column_inner width=&#8221;1\/2&#8243; css=&#8221;.vc_custom_1598593810600{border-left-width: 2px !important;border-left-style: solid !important;}&#8221;][vc_column_text]<iframe src=\"https:\/\/www.youtube.com\/embed\/5qaSyWVa7Kg\" width=\"560\" height=\"315\" frameborder=\"0\" allowfullscreen=\"allowfullscreen\"><\/iframe>[\/vc_column_text][vc_column_text css=&#8221;.vc_custom_1598594880284{margin-top: -10px !important;}&#8221;]<strong>Kenan Yavuz K\u00fclt\u00fcr Evi&#8217;nde Ya\u015fam<\/strong>[\/vc_column_text][\/vc_column_inner][\/vc_row_inner][vc_separator color=&#8221;black&#8221; border_width=&#8221;2&#8243;][vc_row_inner][vc_column_inner width=&#8221;1\/2&#8243;][vc_column_text]<iframe src=\"https:\/\/www.youtube.com\/embed\/WPPXpTv-6AM\" width=\"560\" height=\"315\" frameborder=\"0\" allowfullscreen=\"allowfullscreen\"><\/iframe>[\/vc_column_text][vc_column_text css=&#8221;.vc_custom_1598594754808{margin-top: -10px !important;}&#8221;]<strong>Kenan Yavuz K\u00fclt\u00fcr Evi&#8217;nde Ya\u015fam<\/strong>[\/vc_column_text][\/vc_column_inner][vc_column_inner width=&#8221;1\/2&#8243; css=&#8221;.vc_custom_1598593810600{border-left-width: 2px !important;border-left-style: solid !important;}&#8221;][vc_column_text]<iframe src=\"https:\/\/www.youtube.com\/embed\/VsmbZxUmxUQ\" width=\"560\" height=\"315\" frameborder=\"0\" allowfullscreen=\"allowfullscreen\"><\/iframe>[\/vc_column_text][vc_column_text css=&#8221;.vc_custom_1598595378303{margin-top: -10px !important;}&#8221;]<strong>\u00c7oruh T\u00fcrk\u00fc S\u00f6yler Bayburt&#8217;a (Bayburt \u0130\u00e7in \u00c7al 3 )<\/strong>[\/vc_column_text][\/vc_column_inner][\/vc_row_inner][vc_separator color=&#8221;black&#8221; border_width=&#8221;2&#8243;][vc_row_inner][vc_column_inner width=&#8221;1\/2&#8243;][vc_column_text]<iframe src=\"https:\/\/www.youtube.com\/embed\/PXVMfmgJM-w\" width=\"560\" height=\"315\" frameborder=\"0\" allowfullscreen=\"allowfullscreen\"><\/iframe>[\/vc_column_text][vc_column_text css=&#8221;.vc_custom_1598595475547{margin-top: -10px !important;}&#8221;]<strong>Bayburt \u0130\u00e7in \u00c7al &#8211; Be\u015fp\u0131nar \u0130\u00e7in S\u00f6yle &#8211; Can Maral<\/strong>[\/vc_column_text][\/vc_column_inner][vc_column_inner width=&#8221;1\/2&#8243; css=&#8221;.vc_custom_1598593810600{border-left-width: 2px !important;border-left-style: solid !important;}&#8221;][vc_column_text]<iframe src=\"https:\/\/www.youtube.com\/embed\/ioX-ZpbIeSQ\" width=\"560\" height=\"315\" frameborder=\"0\" allowfullscreen=\"allowfullscreen\"><\/iframe>[\/vc_column_text][vc_column_text css=&#8221;.vc_custom_1598595524988{margin-top: -10px !important;}&#8221;]<strong>Maliye Bakan\u0131 Naci A\u011fbal A\u00e7\u0131l\u0131\u015f Konu\u015fmas\u0131<\/strong>[\/vc_column_text][\/vc_column_inner][\/vc_row_inner][vc_separator color=&#8221;black&#8221; border_width=&#8221;2&#8243;][vc_row_inner][vc_column_inner width=&#8221;1\/2&#8243;][vc_column_text]<iframe src=\"https:\/\/www.youtube.com\/embed\/Sn8gAD_RaRo\" width=\"560\" height=\"315\" frameborder=\"0\" allowfullscreen=\"allowfullscreen\"><\/iframe>[\/vc_column_text][vc_column_text css=&#8221;.vc_custom_1598595616716{margin-top: -10px !important;}&#8221;]<strong>Kenan Yavuz K\u00fclt\u00fcr Evi Tan\u0131t\u0131m Videosu<\/strong>[\/vc_column_text][\/vc_column_inner][vc_column_inner width=&#8221;1\/2&#8243; css=&#8221;.vc_custom_1598593810600{border-left-width: 2px !important;border-left-style: solid !important;}&#8221;][vc_column_text]<iframe src=\"https:\/\/www.youtube.com\/embed\/Pn0AbXQukPc\" width=\"560\" height=\"315\" frameborder=\"0\" allowfullscreen=\"allowfullscreen\"><\/iframe>[\/vc_column_text][vc_column_text css=&#8221;.vc_custom_1598595658967{margin-top: -10px !important;}&#8221;]<strong>Babaannemin Caz Tutkusu \/ My Grandmother&#8217;s Jazz Passion<\/strong>[\/vc_column_text][\/vc_column_inner][\/vc_row_inner][vc_separator color=&#8221;black&#8221; border_width=&#8221;2&#8243;][vc_row_inner][vc_column_inner width=&#8221;1\/2&#8243;][vc_column_text]<iframe src=\"https:\/\/www.youtube.com\/embed\/ACDETXp7lyA\" width=\"560\" height=\"315\" frameborder=\"0\" allowfullscreen=\"allowfullscreen\"><\/iframe>[\/vc_column_text][vc_column_text css=&#8221;.vc_custom_1598595729837{margin-top: -10px !important;}&#8221;]<strong>Bayburt K\u0131sa Film Yar\u0131\u015fmas\u0131<\/strong>[\/vc_column_text][\/vc_column_inner][vc_column_inner width=&#8221;1\/2&#8243; css=&#8221;.vc_custom_1598593810600{border-left-width: 2px !important;border-left-style: solid !important;}&#8221;][vc_column_text]<iframe src=\"https:\/\/www.youtube.com\/embed\/alOF-FZg9yQ\" width=\"560\" height=\"315\" frameborder=\"0\" allowfullscreen=\"allowfullscreen\"><\/iframe>[\/vc_column_text][vc_column_text css=&#8221;.vc_custom_1598595796976{margin-top: -10px !important;}&#8221;]<strong>Bayburt Demir\u00f6z\u00fc be\u015fp\u0131nar K\u00f6y\u00fc Kenan Yavuz kona\u011f\u0131 k\u00fclt\u00fcr etkinlikleri Ender Balk\u0131r Konseri<\/strong>[\/vc_column_text][\/vc_column_inner][\/vc_row_inner][vc_separator color=&#8221;black&#8221; border_width=&#8221;2&#8243;][vc_row_inner][vc_column_inner width=&#8221;1\/2&#8243;][vc_column_text]<iframe src=\"https:\/\/www.youtube.com\/embed\/O45qNIDcSmM\" width=\"560\" height=\"315\" frameborder=\"0\" allowfullscreen=\"allowfullscreen\"><\/iframe>[\/vc_column_text][vc_column_text css=&#8221;.vc_custom_1598595855920{margin-top: -10px !important;}&#8221;]<strong>G\u00fcndem, K\u00fclt\u00fcr, Sanat Program\u0131 TRT T\u00fcrk<\/strong>[\/vc_column_text][\/vc_column_inner][vc_column_inner width=&#8221;1\/2&#8243; css=&#8221;.vc_custom_1598593810600{border-left-width: 2px !important;border-left-style: solid !important;}&#8221;][vc_column_text]<iframe src=\"https:\/\/www.youtube.com\/embed\/qoPh3hiwFHM\" width=\"560\" height=\"315\" frameborder=\"0\" allowfullscreen=\"allowfullscreen\"><\/iframe>[\/vc_column_text][vc_column_text css=&#8221;.vc_custom_1598595891952{margin-top: -10px !important;}&#8221;]<strong>CNN Turk &#8220;Burada Hayat Var&#8221; Program\u0131 28.11.2015<\/strong>[\/vc_column_text][\/vc_column_inner][\/vc_row_inner][vc_separator color=&#8221;black&#8221; border_width=&#8221;2&#8243;][\/vc_column][vc_column width=&#8221;1\/4&#8243; offset=&#8221;vc_hidden-sm vc_hidden-xs&#8221;][stm_sidebar sidebar=&#8221;8940&#8243;][\/vc_column][\/vc_row]<\/p>\n","protected":false},"excerpt":{"rendered":"<p>[vc_row full_width=&#8221;stretch_row&#8221; css=&#8221;.vc_custom_1598594068064{margin-bottom: 10px !important;padding-top: 40px !important;padding-bottom: 40px !important;}&#8221;][vc_column offset=&#8221;vc_col-lg-9 vc_col-md-9&#8243; css=&#8221;.vc_custom_1452702342137{padding-right: 45px !important;}&#8221;][vc_row_inner][vc_column_inner width=&#8221;1\/2&#8243;][vc_column_text][\/vc_column_text][vc_column_text css=&#8221;.vc_custom_1621236633882{margin-top: -10px !important;}&#8221;]Avrupa\u2019da Y\u0131l\u0131n M\u00fczesi TRT HABER Ekran\u0131nda[\/vc_column_text][\/vc_column_inner][vc_column_inner width=&#8221;1\/2&#8243; css=&#8221;.vc_custom_1598593810600{border-left-width: 2px !important;border-left-style: solid !important;}&#8221;][vc_column_text][\/vc_column_text][vc_column_text css=&#8221;.vc_custom_1621236680056{margin-top: -10px !important;}&#8221;]Avrupa&#8217;da Y\u0131l\u0131n M\u00fczesi TRT Haber&#8217;de[\/vc_column_text][\/vc_column_inner][\/vc_row_inner][vc_separator color=&#8221;black&#8221; border_width=&#8221;2&#8243;][vc_row_inner][vc_column_inner width=&#8221;1\/2&#8243;][vc_column_text][\/vc_column_text][vc_column_text css=&#8221;.vc_custom_1601361632374{margin-top: -10px !important;}&#8221;]Bayburt Haber \u0130le Yapt\u0131\u011f\u0131m\u0131z Rop\u00f6rtaj[\/vc_column_text][\/vc_column_inner][vc_column_inner width=&#8221;1\/2&#8243; css=&#8221;.vc_custom_1598593810600{border-left-width: 2px !important;border-left-style: solid !important;}&#8221;][vc_column_text][\/vc_column_text][vc_column_text css=&#8221;.vc_custom_1601361521046{margin-top: -10px !important;}&#8221;]Helva<\/p>\n","protected":false},"author":1,"featured_media":0,"parent":0,"menu_order":0,"comment_status":"closed","ping_status":"closed","template":"","meta":[],"_links":{"self":[{"href":"https:\/\/www.kenanyavuzetnografyamuzesi.org\/en\/wp-json\/wp\/v2\/pages\/9863"}],"collection":[{"href":"https:\/\/www.kenanyavuzetnografyamuzesi.org\/en\/wp-json\/wp\/v2\/pages"}],"about":[{"href":"https:\/\/www.kenanyavuzetnografyamuzesi.org\/en\/wp-json\/wp\/v2\/types\/page"}],"author":[{"embeddable":true,"href":"https:\/\/www.kenanyavuzetnografyamuzesi.org\/en\/wp-json\/wp\/v2\/users\/1"}],"replies":[{"embeddable":true,"href":"https:\/\/www.kenanyavuzetnografyamuzesi.org\/en\/wp-json\/wp\/v2\/comments?post=9863"}],"version-history":[{"count":1,"href":"https:\/\/www.kenanyavuzetnografyamuzesi.org\/en\/wp-json\/wp\/v2\/pages\/9863\/revisions"}],"predecessor-version":[{"id":10961,"href":"https:\/\/www.kenanyavuzetnografyamuzesi.org\/en\/wp-json\/wp\/v2\/pages\/9863\/revisions\/10961"}],"wp:attachment":[{"href":"https:\/\/www.kenanyavuzetnografyamuzesi.org\/en\/wp-json\/wp\/v2\/media?parent=9863"}],"curies":[{"name":"wp","href":"https:\/\/api.w.org\/{rel}","templated":true}]}}