{"id":9859,"date":"2015-12-15T07:37:33","date_gmt":"2015-12-15T07:37:33","guid":{"rendered":"https:\/\/kenanyavuzetnografyamuzesi.org\/kenan-yavuz-etnografya-muzesi-kurucusu-kenan-yavuz-kultur-vakfi-baskani\/"},"modified":"2023-04-11T03:02:16","modified_gmt":"2023-04-11T00:02:16","slug":"kenan-yavuz-etnografya-muzesi-kurucusu-kenan-yavuz-kultur-vakfi-baskani","status":"publish","type":"page","link":"https:\/\/www.kenanyavuzetnografyamuzesi.org\/en\/kenan-yavuz-etnografya-muzesi-kurucusu-kenan-yavuz-kultur-vakfi-baskani\/","title":{"rendered":"Kenan Yavuz Ethnographic Museum Founder &#8211; Kenan Yavuz President of the Cultural Foundation"},"content":{"rendered":"<p>[vc_row css=&#8221;.vc_custom_1589595502219{margin-bottom: 35px !important;}&#8221;][vc_column offset=&#8221;vc_col-lg-9 vc_col-md-9&#8243; css=&#8221;.vc_custom_1589409048546{padding-top: 30px !important;}&#8221;][vc_row_inner css=&#8221;.vc_custom_1589593941403{padding-bottom: 10px !important;}&#8221;][vc_column_inner][vc_single_image image=&#8221;7391&#8243; img_size=&#8221;full&#8221;][\/vc_column_inner][\/vc_row_inner][vc_column_text css=&#8221;.vc_custom_1681171332051{margin-bottom: 34px !important;}&#8221;]<\/p>\n<h3>Kenan Yavuz Ethnography Museum Founder \u2013 Kenan Yavuz Culture Foundation President \u2013 \u200b\u200b\u0130rfan Group Companies Chairman of the Board<\/h3>\n<blockquote><p>Kenan YAVUZ Biography<\/p><\/blockquote>\n<p>[\/vc_column_text][vc_column_text css=&#8221;.vc_custom_1681171314147{margin-top: 20px !important;}&#8221;]Kenan Yavuz, was born in 1959 in Bayburt, he graduated from Ankara Economic and Commercial Sciences Academy, Department of Business Administration in 1981. He completed his master&#8217;s degree at Istanbul University, Faculty of Business Administration, Institute of Business Economics<\/p>\n<p>Kenan Yavuz, who started his career as a professional manager in the private sector in 1985, took charge in different disciplines and served as a senior manager until 2004. Yavuz completed his second master&#8217;s degree at Yeditepe University between 1998-2000 with the study &#8220;Total Quality in the Socio-Cultural Structure of Turkish Society&#8221;,he was appointed as a Member of the Board of Petkim Petrokimya Holding in March 2004 and as Petkim General Manager in May 2004. He managed the privatization process and completed it in 2008 as the longest serving general manager of one of Turkey&#8217;s most important strategic companies Petkim Petrokimya Holding. He continued his duty as Petkim General Manager after the privatization upon the request of the Azerbaijan State Oil Company SOCAR, which bought Petkim.<\/p>\n<p>In 2009, within the framework of SOCAR&#8217;s decision to expand its activities in Turkey, he was appointed as the President\/CEO of SOCAR Turkey Enerji A\u015e, which was decided to be established.<\/p>\n<p>Since 2009, SOCAR T\u00fcrkiye Energy A.\u015e. He founded and managed STAR Refinery, Petlim Limanc\u0131l\u0131k, SOCAR Power Energy Investments and Distribution companies. Kenan Yavuz served as the President (CEO) of SOCAR Turkey Energy A.\u015e., which has become the largest industrial investor in the history of Turkey&#8217;s economy based on the integration of Refinery-Petrochemistry-Energy-Logistics-Distribution, until March 2016.<\/p>\n<p>During his professional senior management period, he led the real sector investments of 20 billion dollars in Petkim, Star Refinery, Tanap, Petlim Liman, Socar Energy and Distribution projects.<\/p>\n<p>He served as a Board Member of the Aegean Region Chamber of Industry (EBSO) between 2008 and 2011, he is a Member of the Board of DE\u0130K\/Turkish Italian Business Council and the Deputy Chairman of URAK International Competition Research Association.<\/p>\n<p>In August 2015, Kenan Yavuz was honored by President of the Republic of Azerbaijan Ilham Aliyev for his successful work in the STAR Refinery, TANAP Natural Gas Pipeline, Petlim Port, Energy and Petrochemical Investments, which were realized within the scope of SOCAR under the strategic partnership of Turkey and Azerbaijan, and his outstanding efforts in realizing the concept of &#8220;two states, one nation&#8221;. He was rewarded with the &#8221; LEAVE MEDAL &#8220;.<\/p>\n<p>After his professional life, he started his own business. Producing original parts for the Automotive Industry, \u0130rfan Plastik ve Kal\u0131p Sanayi ve Tic. A.\u015e, Ezgert Turizm A.\u015e. for museum and hotel management in the Tourism Sector. He is the Chairman of the Board of Directors of \u0130rfan Group Companies, one of Yavuz Management Solutions and \u0130rfan Gayrimenkul companies for Management Consultancy activities.<\/p>\n<p>&nbsp;<\/p>\n<p>The &#8220;Culture House&#8221; project, which he started in 2012 as a social responsibility project in order to pay his debt of loyalty to the land where he was born and grew up, started to operate as Kenan Yavuz Ethnography Museum in the process. The Ethnography Museum, which consists of 26 different venues on an area of \u200b\u200b15 thousand square meters in Bayburt Province, Demir\u00f6z\u00fc District, Be\u015fp\u0131nar Village, under the roof of the Kenan Yavuz Cultural Foundation, which he founded, was given the &#8220;Museum of the Year in Europe&#8221; award \u00a0in 2021 by the European Museum Forum (EMF\/EMYA) and won the European Union Cultural Heritage Europa Nostra awards in 2022, becoming the first museum and institution to have the world&#8217;s two most important awards in its field. On 24 January 2023 he received \u201c2022 Ministry of Culture and Tourism Special Award\u201d \u00a0by President Recep Tayyip Erdo\u011fan at a ceremony held in Ankara. He carried out pioneering work in culture and experience tourism with the &#8220;Loru Han&#8221;, which he built as a museum hotel within the Kenan Yavuz Ethnography Museum. In order to transfer the ancient culture of Anatolia to future generations, he made a documentary film titled &#8220;A Story of Ownership&#8221;.<\/p>\n<p>Kenan Yavuz Ethnography Museum, which grows and expands its activities day by day with the mottos What Comes to Us Lives us, Return to the Roots, Museum thats lives and keeps alive, hosted hundreds of thousands of visitors from Turkey and abroad.[\/vc_column_text][\/vc_column][vc_column width=&#8221;1\/4&#8243; css=&#8221;.vc_custom_1599871852269{padding-top: 30px !important;}&#8221;][stm_sidebar sidebar=&#8221;8333&#8243;][\/vc_column][\/vc_row]<\/p>\n","protected":false},"excerpt":{"rendered":"<p>[vc_row css=&#8221;.vc_custom_1589595502219{margin-bottom: 35px !important;}&#8221;][vc_column offset=&#8221;vc_col-lg-9 vc_col-md-9&#8243; css=&#8221;.vc_custom_1589409048546{padding-top: 30px !important;}&#8221;][vc_row_inner css=&#8221;.vc_custom_1589593941403{padding-bottom: 10px !important;}&#8221;][vc_column_inner][vc_single_image image=&#8221;7391&#8243; img_size=&#8221;full&#8221;][\/vc_column_inner][\/vc_row_inner][vc_column_text css=&#8221;.vc_custom_1681171332051{margin-bottom: 34px !important;}&#8221;] Kenan Yavuz Ethnography Museum Founder \u2013 Kenan Yavuz Culture Foundation President \u2013 \u200b\u200b\u0130rfan Group Companies Chairman of the Board Kenan YAVUZ Biography [\/vc_column_text][vc_column_text css=&#8221;.vc_custom_1681171314147{margin-top: 20px !important;}&#8221;]Kenan Yavuz, was born in 1959 in Bayburt, he graduated from Ankara Economic<\/p>\n","protected":false},"author":1,"featured_media":0,"parent":0,"menu_order":0,"comment_status":"closed","ping_status":"closed","template":"","meta":[],"_links":{"self":[{"href":"https:\/\/www.kenanyavuzetnografyamuzesi.org\/en\/wp-json\/wp\/v2\/pages\/9859"}],"collection":[{"href":"https:\/\/www.kenanyavuzetnografyamuzesi.org\/en\/wp-json\/wp\/v2\/pages"}],"about":[{"href":"https:\/\/www.kenanyavuzetnografyamuzesi.org\/en\/wp-json\/wp\/v2\/types\/page"}],"author":[{"embeddable":true,"href":"https:\/\/www.kenanyavuzetnografyamuzesi.org\/en\/wp-json\/wp\/v2\/users\/1"}],"replies":[{"embeddable":true,"href":"https:\/\/www.kenanyavuzetnografyamuzesi.org\/en\/wp-json\/wp\/v2\/comments?post=9859"}],"version-history":[{"count":2,"href":"https:\/\/www.kenanyavuzetnografyamuzesi.org\/en\/wp-json\/wp\/v2\/pages\/9859\/revisions"}],"predecessor-version":[{"id":14582,"href":"https:\/\/www.kenanyavuzetnografyamuzesi.org\/en\/wp-json\/wp\/v2\/pages\/9859\/revisions\/14582"}],"wp:attachment":[{"href":"https:\/\/www.kenanyavuzetnografyamuzesi.org\/en\/wp-json\/wp\/v2\/media?parent=9859"}],"curies":[{"name":"wp","href":"https:\/\/api.w.org\/{rel}","templated":true}]}}