{"id":9856,"date":"2020-05-16T06:26:36","date_gmt":"2020-05-16T03:26:36","guid":{"rendered":"https:\/\/kenanyavuzetnografyamuzesi.org\/danisma-kurulu-toplanti-tutanaklari\/"},"modified":"2021-05-23T15:16:13","modified_gmt":"2021-05-23T12:16:13","slug":"advisory-board-meeting-reports","status":"publish","type":"page","link":"https:\/\/www.kenanyavuzetnografyamuzesi.org\/en\/advisory-board-meeting-reports\/","title":{"rendered":"Advisory Board Meeting Reports"},"content":{"rendered":"<p>[vc_row][vc_column offset=&#8221;vc_col-lg-9 vc_col-md-9&#8243; css=&#8221;.vc_custom_1599619024561{padding-top: 30px !important;}&#8221;][vc_row_inner css=&#8221;.vc_custom_1599619111456{padding-bottom: 10px !important;}&#8221;][vc_column_inner][vc_single_image image=&#8221;7398&#8243; img_size=&#8221;full&#8221;][\/vc_column_inner][\/vc_row_inner][vc_column_text css=&#8221;.vc_custom_1599521130159{margin-bottom: 14px !important;}&#8221;]<\/p>\n<h3>ADVISORY BOARD MEETING REPORTS<\/h3>\n<p>[\/vc_column_text][vc_row_inner][vc_column_inner][vc_cta h2=&#8221;Dan\u0131\u015fma Kurulu toplant\u0131s\u0131 2020-8-10.05.2021&#8243; h2_font_container=&#8221;font_size:19px|color:%23000000|line_height:24px&#8221; h2_use_theme_fonts=&#8221;yes&#8221; txt_align=&#8221;center&#8221; shape=&#8221;square&#8221; style=&#8221;flat&#8221; add_button=&#8221;right&#8221; btn_title=&#8221;indirmek i\u00e7in t\u0131klay\u0131n\u0131z&#8221; btn_style=&#8221;flat&#8221; btn_shape=&#8221;square&#8221; btn_size=&#8221;sm&#8221; btn_align=&#8221;center&#8221; btn_i_icon_fontawesome=&#8221;far fa-file-word&#8221; use_custom_fonts_h2=&#8221;true&#8221; btn_add_icon=&#8221;true&#8221; el_class=&#8221;second_bg_color&#8221; css=&#8221;.vc_custom_1621772137226{margin-bottom: 0px !important;}&#8221; btn_link=&#8221;url:https%3A%2F%2Fwww.kenanyavuzetnografyamuzesi.org%2Fwp-content%2Fuploads%2F2019%2F09%2FDanisma-Kurulu-Toplantisi-2020-8-10.05.2021.pdf||target:%20_blank|&#8221;][\/vc_cta][vc_cta h2=&#8221;Dan\u0131\u015fma Kurulu toplant\u0131s\u0131 2020-7-31.01.2021&#8243; h2_font_container=&#8221;font_size:19px|color:%23000000|line_height:24px&#8221; h2_use_theme_fonts=&#8221;yes&#8221; txt_align=&#8221;center&#8221; shape=&#8221;square&#8221; style=&#8221;flat&#8221; add_button=&#8221;right&#8221; btn_title=&#8221;indirmek i\u00e7in t\u0131klay\u0131n\u0131z&#8221; btn_style=&#8221;flat&#8221; btn_shape=&#8221;square&#8221; btn_size=&#8221;sm&#8221; btn_align=&#8221;center&#8221; btn_i_icon_fontawesome=&#8221;far fa-file-word&#8221; use_custom_fonts_h2=&#8221;true&#8221; btn_add_icon=&#8221;true&#8221; el_class=&#8221;second_bg_color&#8221; css=&#8221;.vc_custom_1612244117578{margin-bottom: 0px !important;}&#8221; btn_link=&#8221;url:https%3A%2F%2Fwww.kenanyavuzetnografyamuzesi.org%2Fwp-content%2Fuploads%2F2019%2F09%2FDanisma-Kurulu-Toplantisi-2020-7-31.01.2021.pdf||target:%20_blank|&#8221;][\/vc_cta][vc_cta h2=&#8221;Dan\u0131\u015fma Kurulu toplant\u0131s\u0131 2020-1- 01.06.2020&#8243; h2_font_container=&#8221;font_size:19px|color:%23000000|line_height:24px&#8221; h2_use_theme_fonts=&#8221;yes&#8221; txt_align=&#8221;center&#8221; shape=&#8221;square&#8221; style=&#8221;flat&#8221; add_button=&#8221;right&#8221; btn_title=&#8221;indirmek i\u00e7in t\u0131klay\u0131n\u0131z&#8221; btn_style=&#8221;flat&#8221; btn_shape=&#8221;square&#8221; btn_size=&#8221;sm&#8221; btn_align=&#8221;center&#8221; btn_i_icon_fontawesome=&#8221;far fa-file-word&#8221; use_custom_fonts_h2=&#8221;true&#8221; btn_add_icon=&#8221;true&#8221; el_class=&#8221;second_bg_color&#8221; css=&#8221;.vc_custom_1599341794670{margin-bottom: 0px !important;}&#8221; btn_link=&#8221;url:https%3A%2F%2Fkenanyavuzetnografyamuzesi.org%2Fwp-content%2Fuploads%2F2019%2F09%2FDan%C4%B1%C5%9Fma-Kurulu-toplant%C4%B1s%C4%B1-2020-1-01.06.2020.docx||target:%20_blank|&#8221;][\/vc_cta][vc_cta h2=&#8221;Advisory Board Meeting 2020-2- 26.06.2020&#8243; h2_font_container=&#8221;font_size:19px|color:%23000000|line_height:24px&#8221; h2_use_theme_fonts=&#8221;yes&#8221; txt_align=&#8221;center&#8221; shape=&#8221;square&#8221; style=&#8221;flat&#8221; add_button=&#8221;right&#8221; btn_title=&#8221;indirmek i\u00e7in t\u0131klay\u0131n\u0131z&#8221; btn_style=&#8221;flat&#8221; btn_shape=&#8221;square&#8221; btn_size=&#8221;sm&#8221; btn_align=&#8221;center&#8221; btn_i_icon_fontawesome=&#8221;far fa-file-word&#8221; use_custom_fonts_h2=&#8221;true&#8221; btn_add_icon=&#8221;true&#8221; el_class=&#8221;second_bg_color&#8221; css=&#8221;.vc_custom_1599482531442{margin-bottom: 0px !important;}&#8221; btn_link=&#8221;url:https%3A%2F%2Fkenanyavuzetnografyamuzesi.org%2Fwp-content%2Fuploads%2F2019%2F09%2FDan%C4%B1%C5%9Fma-Kurulu-Toplant%C4%B1s%C4%B1-2020-2-26.06.2020.docx||target:%20_blank|&#8221;][\/vc_cta][vc_cta h2=&#8221;Advisory Board Meeting 2020-3- 25.07.2020&#8243; h2_font_container=&#8221;font_size:19px|color:%23000000|line_height:24px&#8221; h2_use_theme_fonts=&#8221;yes&#8221; txt_align=&#8221;center&#8221; shape=&#8221;square&#8221; style=&#8221;flat&#8221; add_button=&#8221;right&#8221; btn_title=&#8221;indirmek i\u00e7in t\u0131klay\u0131n\u0131z&#8221; btn_style=&#8221;flat&#8221; btn_shape=&#8221;square&#8221; btn_size=&#8221;sm&#8221; btn_align=&#8221;center&#8221; btn_i_icon_fontawesome=&#8221;far fa-file-word&#8221; use_custom_fonts_h2=&#8221;true&#8221; btn_add_icon=&#8221;true&#8221; el_class=&#8221;second_bg_color&#8221; css=&#8221;.vc_custom_1599482541698{margin-bottom: 0px !important;}&#8221; btn_link=&#8221;url:https%3A%2F%2Fkenanyavuzetnografyamuzesi.org%2Fwp-content%2Fuploads%2F2019%2F09%2FDan%C4%B1%C5%9Fma-Kurulu-Toplant%C4%B1s%C4%B1-2020-3-25.07.2020.docx||target:%20_blank|&#8221;][\/vc_cta][vc_cta h2=&#8221;Advisory Board Meeting 2020-4- 03.09.2020&#8243; h2_font_container=&#8221;font_size:19px|color:%23000000|line_height:24px&#8221; h2_use_theme_fonts=&#8221;yes&#8221; txt_align=&#8221;center&#8221; shape=&#8221;square&#8221; style=&#8221;flat&#8221; add_button=&#8221;right&#8221; btn_title=&#8221;indirmek i\u00e7in t\u0131klay\u0131n\u0131z&#8221; btn_style=&#8221;flat&#8221; btn_shape=&#8221;square&#8221; btn_size=&#8221;sm&#8221; btn_align=&#8221;center&#8221; btn_i_icon_fontawesome=&#8221;far fa-file-word&#8221; use_custom_fonts_h2=&#8221;true&#8221; btn_add_icon=&#8221;true&#8221; el_class=&#8221;second_bg_color&#8221; css=&#8221;.vc_custom_1599482551669{margin-bottom: 0px !important;}&#8221; btn_link=&#8221;url:https%3A%2F%2Fkenanyavuzetnografyamuzesi.org%2Fwp-content%2Fuploads%2F2019%2F09%2FDan%C4%B1%C5%9Fma-Kurulu-Toplant%C4%B1s%C4%B1-2020-4-03.09.2020.docx||target:%20_blank|&#8221;][\/vc_cta][vc_cta h2=&#8221;Advisory Board Meeting 2020-6-23.11.2020&#8243; h2_font_container=&#8221;font_size:19px|color:%23000000|line_height:24px&#8221; h2_use_theme_fonts=&#8221;yes&#8221; txt_align=&#8221;center&#8221; shape=&#8221;square&#8221; style=&#8221;flat&#8221; add_button=&#8221;right&#8221; btn_title=&#8221;indirmek i\u00e7in t\u0131klay\u0131n\u0131z&#8221; btn_style=&#8221;flat&#8221; btn_shape=&#8221;square&#8221; btn_size=&#8221;sm&#8221; btn_align=&#8221;center&#8221; btn_i_icon_fontawesome=&#8221;far fa-file-word&#8221; use_custom_fonts_h2=&#8221;true&#8221; btn_add_icon=&#8221;true&#8221; el_class=&#8221;second_bg_color&#8221; css=&#8221;.vc_custom_1606389564093{margin-bottom: 0px !important;}&#8221; btn_link=&#8221;url:https%3A%2F%2Fwww.kenanyavuzetnografyamuzesi.org%2Fwp-content%2Fuploads%2F2019%2F09%2FDan%C4%B1%C5%9Fma-Kurulu-Toplant%C4%B1s%C4%B1-2020-6-23.11.2020.pdf||target:%20_blank|&#8221;][\/vc_cta][\/vc_column_inner][\/vc_row_inner][\/vc_column][vc_column width=&#8221;1\/4&#8243; css=&#8221;.vc_custom_1599871910115{padding-top: 30px !important;}&#8221;][stm_sidebar sidebar=&#8221;8333&#8243;][\/vc_column][\/vc_row]<\/p>\n","protected":false},"excerpt":{"rendered":"<p>[vc_row][vc_column offset=&#8221;vc_col-lg-9 vc_col-md-9&#8243; css=&#8221;.vc_custom_1599619024561{padding-top: 30px !important;}&#8221;][vc_row_inner css=&#8221;.vc_custom_1599619111456{padding-bottom: 10px !important;}&#8221;][vc_column_inner][vc_single_image image=&#8221;7398&#8243; img_size=&#8221;full&#8221;][\/vc_column_inner][\/vc_row_inner][vc_column_text css=&#8221;.vc_custom_1599521130159{margin-bottom: 14px !important;}&#8221;] ADVISORY BOARD MEETING REPORTS [\/vc_column_text][vc_row_inner][vc_column_inner][vc_cta h2=&#8221;Dan\u0131\u015fma Kurulu toplant\u0131s\u0131 2020-8-10.05.2021&#8243; h2_font_container=&#8221;font_size:19px|color:%23000000|line_height:24px&#8221; h2_use_theme_fonts=&#8221;yes&#8221; txt_align=&#8221;center&#8221; shape=&#8221;square&#8221; style=&#8221;flat&#8221; add_button=&#8221;right&#8221; btn_title=&#8221;indirmek i\u00e7in t\u0131klay\u0131n\u0131z&#8221; btn_style=&#8221;flat&#8221; btn_shape=&#8221;square&#8221; btn_size=&#8221;sm&#8221; btn_align=&#8221;center&#8221; btn_i_icon_fontawesome=&#8221;far fa-file-word&#8221; use_custom_fonts_h2=&#8221;true&#8221; btn_add_icon=&#8221;true&#8221; el_class=&#8221;second_bg_color&#8221; css=&#8221;.vc_custom_1621772137226{margin-bottom: 0px !important;}&#8221; btn_link=&#8221;url:https%3A%2F%2Fwww.kenanyavuzetnografyamuzesi.org%2Fwp-content%2Fuploads%2F2019%2F09%2FDanisma-Kurulu-Toplantisi-2020-8-10.05.2021.pdf||target:%20_blank|&#8221;][\/vc_cta][vc_cta h2=&#8221;Dan\u0131\u015fma Kurulu toplant\u0131s\u0131 2020-7-31.01.2021&#8243; h2_font_container=&#8221;font_size:19px|color:%23000000|line_height:24px&#8221; h2_use_theme_fonts=&#8221;yes&#8221; txt_align=&#8221;center&#8221; shape=&#8221;square&#8221; style=&#8221;flat&#8221; add_button=&#8221;right&#8221;<\/p>\n","protected":false},"author":1,"featured_media":0,"parent":0,"menu_order":0,"comment_status":"closed","ping_status":"closed","template":"","meta":[],"_links":{"self":[{"href":"https:\/\/www.kenanyavuzetnografyamuzesi.org\/en\/wp-json\/wp\/v2\/pages\/9856"}],"collection":[{"href":"https:\/\/www.kenanyavuzetnografyamuzesi.org\/en\/wp-json\/wp\/v2\/pages"}],"about":[{"href":"https:\/\/www.kenanyavuzetnografyamuzesi.org\/en\/wp-json\/wp\/v2\/types\/page"}],"author":[{"embeddable":true,"href":"https:\/\/www.kenanyavuzetnografyamuzesi.org\/en\/wp-json\/wp\/v2\/users\/1"}],"replies":[{"embeddable":true,"href":"https:\/\/www.kenanyavuzetnografyamuzesi.org\/en\/wp-json\/wp\/v2\/comments?post=9856"}],"version-history":[{"count":1,"href":"https:\/\/www.kenanyavuzetnografyamuzesi.org\/en\/wp-json\/wp\/v2\/pages\/9856\/revisions"}],"predecessor-version":[{"id":10971,"href":"https:\/\/www.kenanyavuzetnografyamuzesi.org\/en\/wp-json\/wp\/v2\/pages\/9856\/revisions\/10971"}],"wp:attachment":[{"href":"https:\/\/www.kenanyavuzetnografyamuzesi.org\/en\/wp-json\/wp\/v2\/media?parent=9856"}],"curies":[{"name":"wp","href":"https:\/\/api.w.org\/{rel}","templated":true}]}}