{"id":12018,"date":"2022-03-08T08:47:04","date_gmt":"2022-03-08T05:47:04","guid":{"rendered":"https:\/\/www.kenanyavuzetnografyamuzesi.org\/?page_id=12018\/"},"modified":"2022-05-11T00:34:02","modified_gmt":"2022-05-10T21:34:02","slug":"manufacture-of-hardware-and-horse-drawn-carts","status":"publish","type":"page","link":"https:\/\/www.kenanyavuzetnografyamuzesi.org\/en\/manufacture-of-hardware-and-horse-drawn-carts\/","title":{"rendered":"Manufacture Of Hardware And Horse Drawn Carts"},"content":{"rendered":"<p>[vc_row css=&#8221;.vc_custom_1589409003902{margin-bottom: 25px !important;}&#8221;][vc_column offset=&#8221;vc_col-lg-9 vc_col-md-9&#8243; css=&#8221;.vc_custom_1589409048546{padding-top: 30px !important;}&#8221;][vc_custom_heading stripe_pos=&#8221;hide&#8221; source=&#8221;post_title&#8221; font_container=&#8221;tag:h1|text_align:left&#8221; google_fonts=&#8221;font_family:Montserrat%3Aregular%2C700|font_style:700%20bold%20regular%3A700%3Anormal&#8221;][vc_separator border_width=&#8221;2&#8243;][vc_row_inner][vc_column_inner][vc_single_image source=&#8221;featured_image&#8221; img_size=&#8221;full&#8221; alignment=&#8221;center&#8221; style=&#8221;vc_box_border&#8221; onclick=&#8221;link_image&#8221;][\/vc_column_inner][\/vc_row_inner][vc_row_inner css=&#8221;.vc_custom_1642642917864{padding-top: 10px !important;}&#8221;][vc_column_inner][vc_custom_heading stripe_pos=&#8221;hide&#8221; text=&#8221;Story&#8221; google_fonts=&#8221;font_family:Montserrat%3Aregular%2C700|font_style:700%20bold%20regular%3A700%3Anormal&#8221;][vc_column_text css=&#8221;.vc_custom_1649898899164{margin-bottom: 20px !important;}&#8221;]<\/p>\n<p style=\"line-height: 22px; text-align: left;\">&#8220;BALCKSMITH \u0130HSAN T\u00dcKENMEZ<br \/>\n\u0130hsan t\u00fckenmez practiced his profession, which he learned by apprenticing to blacksmith, hardware and carpenter masters, in this shop that he founded until 2005. He had the abilities to perform several professions at the same time in the same shop. He was an exemplary master for today&#8217;s people who want to live on a high level of prosperity without a profession.<br \/>\n&#8221;<br \/>\n[\/vc_column_text][\/vc_column_inner][\/vc_row_inner][vc_row_inner][vc_column_inner][vc_separator border_width=&#8221;2&#8243; css=&#8221;.vc_custom_1642556754610{padding-top: 20px !important;}&#8221;][vc_custom_heading stripe_pos=&#8221;hide&#8221; text=&#8221;Youtube Link&#8221; google_fonts=&#8221;font_family:Montserrat%3Aregular%2C700|font_style:700%20bold%20regular%3A700%3Anormal&#8221;][\/vc_column_inner][\/vc_row_inner][vc_column_text]<iframe title=\"YouTube video player\" src=\"https:\/\/www.youtube.com\/embed\/lFgXv4nDJf4\" width=\"860\" height=\"515\" frameborder=\"0\" allowfullscreen=\"allowfullscreen\"><\/iframe>[\/vc_column_text][vc_separator border_width=&#8221;2&#8243;][\/vc_column][vc_column width=&#8221;1\/4&#8243; css=&#8221;.vc_custom_1599566650568{padding-top: 30px !important;}&#8221;][stm_sidebar sidebar=&#8221;11264&#8243;][\/vc_column][\/vc_row]<\/p>\n","protected":false},"excerpt":{"rendered":"<p>[vc_row css=&#8221;.vc_custom_1589409003902{margin-bottom: 25px !important;}&#8221;][vc_column offset=&#8221;vc_col-lg-9 vc_col-md-9&#8243; css=&#8221;.vc_custom_1589409048546{padding-top: 30px !important;}&#8221;][vc_custom_heading stripe_pos=&#8221;hide&#8221; source=&#8221;post_title&#8221; font_container=&#8221;tag:h1|text_align:left&#8221; google_fonts=&#8221;font_family:Montserrat%3Aregular%2C700|font_style:700%20bold%20regular%3A700%3Anormal&#8221;][vc_separator border_width=&#8221;2&#8243;][vc_row_inner][vc_column_inner][vc_single_image source=&#8221;featured_image&#8221; img_size=&#8221;full&#8221; alignment=&#8221;center&#8221; style=&#8221;vc_box_border&#8221; onclick=&#8221;link_image&#8221;][\/vc_column_inner][\/vc_row_inner][vc_row_inner css=&#8221;.vc_custom_1642642917864{padding-top: 10px !important;}&#8221;][vc_column_inner][vc_custom_heading stripe_pos=&#8221;hide&#8221; text=&#8221;Story&#8221; google_fonts=&#8221;font_family:Montserrat%3Aregular%2C700|font_style:700%20bold%20regular%3A700%3Anormal&#8221;][vc_column_text css=&#8221;.vc_custom_1649898899164{margin-bottom: 20px !important;}&#8221;] &#8220;BALCKSMITH \u0130HSAN T\u00dcKENMEZ \u0130hsan t\u00fckenmez practiced his profession, which he learned by apprenticing to blacksmith, hardware and carpenter masters, in this shop that he founded until 2005.<\/p>\n","protected":false},"author":1,"featured_media":13175,"parent":0,"menu_order":0,"comment_status":"closed","ping_status":"closed","template":"","meta":[],"_links":{"self":[{"href":"https:\/\/www.kenanyavuzetnografyamuzesi.org\/en\/wp-json\/wp\/v2\/pages\/12018"}],"collection":[{"href":"https:\/\/www.kenanyavuzetnografyamuzesi.org\/en\/wp-json\/wp\/v2\/pages"}],"about":[{"href":"https:\/\/www.kenanyavuzetnografyamuzesi.org\/en\/wp-json\/wp\/v2\/types\/page"}],"author":[{"embeddable":true,"href":"https:\/\/www.kenanyavuzetnografyamuzesi.org\/en\/wp-json\/wp\/v2\/users\/1"}],"replies":[{"embeddable":true,"href":"https:\/\/www.kenanyavuzetnografyamuzesi.org\/en\/wp-json\/wp\/v2\/comments?post=12018"}],"version-history":[{"count":4,"href":"https:\/\/www.kenanyavuzetnografyamuzesi.org\/en\/wp-json\/wp\/v2\/pages\/12018\/revisions"}],"predecessor-version":[{"id":14215,"href":"https:\/\/www.kenanyavuzetnografyamuzesi.org\/en\/wp-json\/wp\/v2\/pages\/12018\/revisions\/14215"}],"wp:featuredmedia":[{"embeddable":true,"href":"https:\/\/www.kenanyavuzetnografyamuzesi.org\/en\/wp-json\/wp\/v2\/media\/13175"}],"wp:attachment":[{"href":"https:\/\/www.kenanyavuzetnografyamuzesi.org\/en\/wp-json\/wp\/v2\/media?parent=12018"}],"curies":[{"name":"wp","href":"https:\/\/api.w.org\/{rel}","templated":true}]}}