{"id":11964,"date":"2022-03-08T08:15:27","date_gmt":"2022-03-08T05:15:27","guid":{"rendered":"https:\/\/www.kenanyavuzetnografyamuzesi.org\/?page_id=11964\/"},"modified":"2022-05-11T00:41:20","modified_gmt":"2022-05-10T21:41:20","slug":"the-bridess-room","status":"publish","type":"page","link":"https:\/\/www.kenanyavuzetnografyamuzesi.org\/en\/the-bridess-room\/","title":{"rendered":"The Brides&#8217;s Room"},"content":{"rendered":"<p>[vc_row css=&#8221;.vc_custom_1589409003902{margin-bottom: 25px !important;}&#8221;][vc_column offset=&#8221;vc_col-lg-9 vc_col-md-9&#8243; css=&#8221;.vc_custom_1589409048546{padding-top: 30px !important;}&#8221;][vc_custom_heading stripe_pos=&#8221;hide&#8221; source=&#8221;post_title&#8221; font_container=&#8221;tag:h1|text_align:left&#8221; google_fonts=&#8221;font_family:Montserrat%3Aregular%2C700|font_style:700%20bold%20regular%3A700%3Anormal&#8221;][vc_separator border_width=&#8221;2&#8243;][vc_row_inner][vc_column_inner][vc_single_image source=&#8221;featured_image&#8221; img_size=&#8221;full&#8221; alignment=&#8221;center&#8221; style=&#8221;vc_box_border&#8221; onclick=&#8221;link_image&#8221;][\/vc_column_inner][\/vc_row_inner][vc_row_inner css=&#8221;.vc_custom_1642642917864{padding-top: 10px !important;}&#8221;][vc_column_inner][vc_custom_heading stripe_pos=&#8221;hide&#8221; text=&#8221;Story&#8221; google_fonts=&#8221;font_family:Montserrat%3Aregular%2C700|font_style:700%20bold%20regular%3A700%3Anormal&#8221;][vc_column_text css=&#8221;.vc_custom_1649903042672{margin-bottom: 20px !important;}&#8221;]<\/p>\n<p style=\"line-height: 22px; text-align: left;\">&#8220;MY FATHER&#8217;S ROOM<\/p>\n<p>Our house was one-room when my mother came to the bride. Since my father was the only brother of 8 sisters, he was the darling of our house.<br \/>\nMy mother was a 16-year-old child when my grandfather asked for my mother from her uncle Faik Bey. My father is a 17-year-old boy. Faik Bey did not want to give his daughter to the Scholar because she was too young, but his living relative \u015eamil A\u011fa was the one who wanted his daughter.<br \/>\nHe thought about what I should do, moved out, consulted for a long time with his brother Sadik Bey and his wife Reyhane Han\u0131m, and finally found a formula not to break \u015eamil A\u011fa\u2019s heart. Thanks to the formula he found, he would not give up his daughter and would not break \u015eamil A\u011fa\u2019s heart.<br \/>\n-\u015eamil, I&#8217;ll give my daughter to your son, but I have one condition.<br \/>\n-Here you are, uncle, I&#8217;m on my head.<br \/>\n-You know, my daughter grew up spoiled, we didn&#8217;t touch her hand from hot to cold water. I don&#8217;t want her to have financial problems at the house where she is the bride, so I would like five pieces of gold everywhere and 2 pieces of gold with her as the title money.<br \/>\nIn the 1950s, five gold coins and an additional two gold coins, that is, a total of 7 full gold coins, were a great fortune. But just because my father made me do it, the only son of the house, you have to do what you want.<br \/>\nWhatever \u015eamil A\u011fa\u2019s did, he went and sold two oxen of the house, sold everything that could be sold in the palm of his hand.<br \/>\nAnd he borrowed some money, collected the title money.<br \/>\nFaik bey was very surprised, he was shocked that he thought that he would somehow not find the title money, but he had to give it to the girl.<br \/>\nHere is my mother, Alime Han\u0131m, who suddenly found herself in another house as a bride while playing games on the street.<br \/>\nThis room was added to the house as an after-bride room. Alime Han\u0131m and Mecit Bey had exactly 7 children. The wedding gifts given by Alime Han\u0131m&#8217;s father are kept as rare items of the bride&#8217;s room.&#8221;<\/p>\n<p>[\/vc_column_text][\/vc_column_inner][\/vc_row_inner][vc_row_inner content_placement=&#8221;middle&#8221;][vc_column_inner width=&#8221;1\/3&#8243;][stm_info_box align_center=&#8221;yes&#8221; title=&#8221;Type&#8221;]Iron[\/stm_info_box][\/vc_column_inner][\/vc_row_inner][vc_row_inner][vc_column_inner][vc_separator border_width=&#8221;2&#8243; css=&#8221;.vc_custom_1642556754610{padding-top: 20px !important;}&#8221;][vc_custom_heading stripe_pos=&#8221;hide&#8221; text=&#8221;Youtube Link&#8221; google_fonts=&#8221;font_family:Montserrat%3Aregular%2C700|font_style:700%20bold%20regular%3A700%3Anormal&#8221;][\/vc_column_inner][\/vc_row_inner][vc_column_text]<iframe title=\"YouTube video player\" src=\"https:\/\/www.youtube.com\/embed\/lFgXv4nDJf4\" width=\"860\" height=\"515\" frameborder=\"0\" allowfullscreen=\"allowfullscreen\"><\/iframe>[\/vc_column_text][vc_separator border_width=&#8221;2&#8243;][\/vc_column][vc_column width=&#8221;1\/4&#8243; css=&#8221;.vc_custom_1599566650568{padding-top: 30px !important;}&#8221;][stm_sidebar sidebar=&#8221;11264&#8243;][\/vc_column][\/vc_row]<\/p>\n","protected":false},"excerpt":{"rendered":"<p>[vc_row css=&#8221;.vc_custom_1589409003902{margin-bottom: 25px !important;}&#8221;][vc_column offset=&#8221;vc_col-lg-9 vc_col-md-9&#8243; css=&#8221;.vc_custom_1589409048546{padding-top: 30px !important;}&#8221;][vc_custom_heading stripe_pos=&#8221;hide&#8221; source=&#8221;post_title&#8221; font_container=&#8221;tag:h1|text_align:left&#8221; google_fonts=&#8221;font_family:Montserrat%3Aregular%2C700|font_style:700%20bold%20regular%3A700%3Anormal&#8221;][vc_separator border_width=&#8221;2&#8243;][vc_row_inner][vc_column_inner][vc_single_image source=&#8221;featured_image&#8221; img_size=&#8221;full&#8221; alignment=&#8221;center&#8221; style=&#8221;vc_box_border&#8221; onclick=&#8221;link_image&#8221;][\/vc_column_inner][\/vc_row_inner][vc_row_inner css=&#8221;.vc_custom_1642642917864{padding-top: 10px !important;}&#8221;][vc_column_inner][vc_custom_heading stripe_pos=&#8221;hide&#8221; text=&#8221;Story&#8221; google_fonts=&#8221;font_family:Montserrat%3Aregular%2C700|font_style:700%20bold%20regular%3A700%3Anormal&#8221;][vc_column_text css=&#8221;.vc_custom_1649903042672{margin-bottom: 20px !important;}&#8221;] &#8220;MY FATHER&#8217;S ROOM Our house was one-room when my mother came to the bride. Since my father was the only brother of 8 sisters, he was the<\/p>\n","protected":false},"author":1,"featured_media":13153,"parent":0,"menu_order":0,"comment_status":"closed","ping_status":"closed","template":"","meta":[],"_links":{"self":[{"href":"https:\/\/www.kenanyavuzetnografyamuzesi.org\/en\/wp-json\/wp\/v2\/pages\/11964"}],"collection":[{"href":"https:\/\/www.kenanyavuzetnografyamuzesi.org\/en\/wp-json\/wp\/v2\/pages"}],"about":[{"href":"https:\/\/www.kenanyavuzetnografyamuzesi.org\/en\/wp-json\/wp\/v2\/types\/page"}],"author":[{"embeddable":true,"href":"https:\/\/www.kenanyavuzetnografyamuzesi.org\/en\/wp-json\/wp\/v2\/users\/1"}],"replies":[{"embeddable":true,"href":"https:\/\/www.kenanyavuzetnografyamuzesi.org\/en\/wp-json\/wp\/v2\/comments?post=11964"}],"version-history":[{"count":5,"href":"https:\/\/www.kenanyavuzetnografyamuzesi.org\/en\/wp-json\/wp\/v2\/pages\/11964\/revisions"}],"predecessor-version":[{"id":14242,"href":"https:\/\/www.kenanyavuzetnografyamuzesi.org\/en\/wp-json\/wp\/v2\/pages\/11964\/revisions\/14242"}],"wp:featuredmedia":[{"embeddable":true,"href":"https:\/\/www.kenanyavuzetnografyamuzesi.org\/en\/wp-json\/wp\/v2\/media\/13153"}],"wp:attachment":[{"href":"https:\/\/www.kenanyavuzetnografyamuzesi.org\/en\/wp-json\/wp\/v2\/media?parent=11964"}],"curies":[{"name":"wp","href":"https:\/\/api.w.org\/{rel}","templated":true}]}}