{"id":11938,"date":"2022-03-07T21:11:16","date_gmt":"2022-03-07T18:11:16","guid":{"rendered":"https:\/\/www.kenanyavuzetnografyamuzesi.org\/?page_id=11938\/"},"modified":"2022-05-11T00:49:52","modified_gmt":"2022-05-10T21:49:52","slug":"gas-stove","status":"publish","type":"page","link":"https:\/\/www.kenanyavuzetnografyamuzesi.org\/en\/gas-stove\/","title":{"rendered":"Gas Stove"},"content":{"rendered":"<p>[vc_row css=&#8221;.vc_custom_1589409003902{margin-bottom: 25px !important;}&#8221;][vc_column offset=&#8221;vc_col-lg-9 vc_col-md-9&#8243; css=&#8221;.vc_custom_1589409048546{padding-top: 30px !important;}&#8221;][vc_row_inner][vc_column_inner][vc_custom_heading stripe_pos=&#8221;hide&#8221; text=&#8221;\u0627\u0633\u062a\u0645\u0639 \u0625\u0644\u0649 \u0627\u0644\u0642\u0635\u0629&#8221; google_fonts=&#8221;font_family:Montserrat%3Aregular%2C700|font_style:700%20bold%20regular%3A700%3Anormal&#8221;][vc_column_text]        \r\n    <div>\r\n        <div id=\"h5ap69f4fb09260b8\" class=\"h5ap_standard_player\" style='width:100%;margin:0 auto;max-width: 100%;'>\r\n            <audio class=\"player\" playsinline controls  >\r\n                <source src=\"https:\/\/www.kenanyavuzetnografyamuzesi.org\/wp-content\/uploads\/2019\/09\/arabic-117.mp3\"  type=\"audio\/mp3\" \/>\r\n                Your browser does not support the audio element.\r\n            <\/audio>\r\n        <\/div>\r\n    <\/div>\r\n\r\n    [\/vc_column_text][vc_empty_space][\/vc_column_inner][\/vc_row_inner][vc_custom_heading stripe_pos=&#8221;hide&#8221; source=&#8221;post_title&#8221; font_container=&#8221;tag:h1|text_align:left&#8221; google_fonts=&#8221;font_family:Montserrat%3Aregular%2C700|font_style:700%20bold%20regular%3A700%3Anormal&#8221;][vc_separator border_width=&#8221;2&#8243;][vc_row_inner][vc_column_inner][vc_single_image source=&#8221;featured_image&#8221; img_size=&#8221;full&#8221; alignment=&#8221;center&#8221; style=&#8221;vc_box_border&#8221; onclick=&#8221;link_image&#8221;][\/vc_column_inner][\/vc_row_inner][vc_row_inner css=&#8221;.vc_custom_1642642917864{padding-top: 10px !important;}&#8221;][vc_column_inner][vc_custom_heading stripe_pos=&#8221;hide&#8221; text=&#8221;Hikayesi&#8221; google_fonts=&#8221;font_family:Montserrat%3Aregular%2C700|font_style:700%20bold%20regular%3A700%3Anormal&#8221;][vc_column_text css=&#8221;.vc_custom_1649951122588{margin-bottom: 20px !important;}&#8221;]<\/p>\n<p style=\"line-height: 22px; text-align: left;\">A gas stove is a oven that provides a cooking fire by using alcohol or petroleum products as fuel. Varieties that work with butane, propane or natural gas stored under pressure in a large metal tube or distributed to homes via the gas network are also used as mobile in the kitchen, varieties that use spirit, kerosene, gasoline, diesel or butane or propane in a small tube.<\/p>\n<p>[\/vc_column_text][\/vc_column_inner][\/vc_row_inner][vc_row_inner content_placement=&#8221;middle&#8221;][vc_column_inner width=&#8221;1\/3&#8243;][stm_info_box align_center=&#8221;yes&#8221; title=&#8221;Cinsi&#8221;]Wood[\/stm_info_box][\/vc_column_inner][vc_column_inner width=&#8221;1\/3&#8243;][stm_info_box align_center=&#8221;yes&#8221; title=&#8221;\u00c7a\u011f\u0131&#8221;]20.yy[\/stm_info_box][\/vc_column_inner][\/vc_row_inner][vc_row_inner][vc_column_inner][vc_separator border_width=&#8221;2&#8243; css=&#8221;.vc_custom_1642556754610{padding-top: 20px !important;}&#8221;][vc_custom_heading stripe_pos=&#8221;hide&#8221; text=&#8221;Hikayesini Dinleyin ve \u0130zleyin&#8221; google_fonts=&#8221;font_family:Montserrat%3Aregular%2C700|font_style:700%20bold%20regular%3A700%3Anormal&#8221;][\/vc_column_inner][\/vc_row_inner][vc_column_text]<iframe title=\"YouTube video player\" src=\"https:\/\/www.youtube.com\/embed\/lFgXv4nDJf4\" width=\"860\" height=\"515\" frameborder=\"0\" allowfullscreen=\"allowfullscreen\"><\/iframe>[\/vc_column_text][vc_separator border_width=&#8221;2&#8243;][\/vc_column][vc_column width=&#8221;1\/4&#8243; css=&#8221;.vc_custom_1599566650568{padding-top: 30px !important;}&#8221;][stm_sidebar sidebar=&#8221;11264&#8243;][\/vc_column][\/vc_row]<\/p>\n","protected":false},"excerpt":{"rendered":"<p>[vc_row css=&#8221;.vc_custom_1589409003902{margin-bottom: 25px !important;}&#8221;][vc_column offset=&#8221;vc_col-lg-9 vc_col-md-9&#8243; css=&#8221;.vc_custom_1589409048546{padding-top: 30px !important;}&#8221;][vc_row_inner][vc_column_inner][vc_custom_heading stripe_pos=&#8221;hide&#8221; text=&#8221;\u0627\u0633\u062a\u0645\u0639 \u0625\u0644\u0649 \u0627\u0644\u0642\u0635\u0629&#8221; google_fonts=&#8221;font_family:Montserrat%3Aregular%2C700|font_style:700%20bold%20regular%3A700%3Anormal&#8221;][vc_column_text][\/vc_column_text][vc_empty_space][\/vc_column_inner][\/vc_row_inner][vc_custom_heading stripe_pos=&#8221;hide&#8221; source=&#8221;post_title&#8221; font_container=&#8221;tag:h1|text_align:left&#8221; google_fonts=&#8221;font_family:Montserrat%3Aregular%2C700|font_style:700%20bold%20regular%3A700%3Anormal&#8221;][vc_separator border_width=&#8221;2&#8243;][vc_row_inner][vc_column_inner][vc_single_image source=&#8221;featured_image&#8221; img_size=&#8221;full&#8221; alignment=&#8221;center&#8221; style=&#8221;vc_box_border&#8221; onclick=&#8221;link_image&#8221;][\/vc_column_inner][\/vc_row_inner][vc_row_inner css=&#8221;.vc_custom_1642642917864{padding-top: 10px !important;}&#8221;][vc_column_inner][vc_custom_heading stripe_pos=&#8221;hide&#8221; text=&#8221;Hikayesi&#8221; google_fonts=&#8221;font_family:Montserrat%3Aregular%2C700|font_style:700%20bold%20regular%3A700%3Anormal&#8221;][vc_column_text css=&#8221;.vc_custom_1649951122588{margin-bottom: 20px !important;}&#8221;] A gas stove is a oven that provides a cooking fire by using alcohol or petroleum products as fuel. Varieties that work<\/p>\n","protected":false},"author":1,"featured_media":13144,"parent":0,"menu_order":0,"comment_status":"closed","ping_status":"closed","template":"","meta":[],"_links":{"self":[{"href":"https:\/\/www.kenanyavuzetnografyamuzesi.org\/en\/wp-json\/wp\/v2\/pages\/11938"}],"collection":[{"href":"https:\/\/www.kenanyavuzetnografyamuzesi.org\/en\/wp-json\/wp\/v2\/pages"}],"about":[{"href":"https:\/\/www.kenanyavuzetnografyamuzesi.org\/en\/wp-json\/wp\/v2\/types\/page"}],"author":[{"embeddable":true,"href":"https:\/\/www.kenanyavuzetnografyamuzesi.org\/en\/wp-json\/wp\/v2\/users\/1"}],"replies":[{"embeddable":true,"href":"https:\/\/www.kenanyavuzetnografyamuzesi.org\/en\/wp-json\/wp\/v2\/comments?post=11938"}],"version-history":[{"count":5,"href":"https:\/\/www.kenanyavuzetnografyamuzesi.org\/en\/wp-json\/wp\/v2\/pages\/11938\/revisions"}],"predecessor-version":[{"id":14251,"href":"https:\/\/www.kenanyavuzetnografyamuzesi.org\/en\/wp-json\/wp\/v2\/pages\/11938\/revisions\/14251"}],"wp:featuredmedia":[{"embeddable":true,"href":"https:\/\/www.kenanyavuzetnografyamuzesi.org\/en\/wp-json\/wp\/v2\/media\/13144"}],"wp:attachment":[{"href":"https:\/\/www.kenanyavuzetnografyamuzesi.org\/en\/wp-json\/wp\/v2\/media?parent=11938"}],"curies":[{"name":"wp","href":"https:\/\/api.w.org\/{rel}","templated":true}]}}