{"id":11892,"date":"2022-02-28T03:41:44","date_gmt":"2022-02-28T00:41:44","guid":{"rendered":"https:\/\/www.kenanyavuzetnografyamuzesi.org\/?page_id=11892\/"},"modified":"2022-05-11T00:56:50","modified_gmt":"2022-05-10T21:56:50","slug":"boat","status":"publish","type":"page","link":"https:\/\/www.kenanyavuzetnografyamuzesi.org\/en\/boat\/","title":{"rendered":"Boat"},"content":{"rendered":"<p>[vc_row css=&#8221;.vc_custom_1589409003902{margin-bottom: 25px !important;}&#8221;][vc_column offset=&#8221;vc_col-lg-9 vc_col-md-9&#8243; css=&#8221;.vc_custom_1589409048546{padding-top: 30px !important;}&#8221;][vc_custom_heading stripe_pos=&#8221;hide&#8221; source=&#8221;post_title&#8221; font_container=&#8221;tag:h1|text_align:left&#8221; google_fonts=&#8221;font_family:Montserrat%3Aregular%2C700|font_style:700%20bold%20regular%3A700%3Anormal&#8221;][vc_separator border_width=&#8221;2&#8243;][vc_row_inner][vc_column_inner][vc_single_image image=&#8221;11269&#8243; img_size=&#8221;full&#8221; alignment=&#8221;center&#8221; style=&#8221;vc_box_border&#8221; onclick=&#8221;link_image&#8221;][\/vc_column_inner][\/vc_row_inner][vc_row_inner css=&#8221;.vc_custom_1642642917864{padding-top: 10px !important;}&#8221;][vc_column_inner][vc_custom_heading stripe_pos=&#8221;hide&#8221; text=&#8221;Eser Tan\u0131m\u0131&#8221; google_fonts=&#8221;font_family:Montserrat%3Aregular%2C700|font_style:700%20bold%20regular%3A700%3Anormal&#8221; css=&#8221;.vc_custom_1643021350399{padding-bottom: 10px !important;}&#8221;][vc_column_text css=&#8221;.vc_custom_1644889592716{margin-bottom: 20px !important;}&#8221;]<\/p>\n<p style=\"line-height: 22px; text-align: left;\">D\u00f6rt tekerlekli ah\u015fap at arabas\u0131n\u0131n tekerleklerinin d\u0131\u015f y\u00fczeyi metal ile kaplanm\u0131\u015ft\u0131r. Tekerlek y\u00fczeyleri paslanm\u0131\u015ft\u0131r.<\/p>\n<p>[\/vc_column_text][\/vc_column_inner][\/vc_row_inner][vc_row_inner content_placement=&#8221;middle&#8221;][vc_column_inner width=&#8221;1\/3&#8243;][stm_info_box align_center=&#8221;yes&#8221; title=&#8221;Cinsi&#8221;]Metal &#8211; Ah\u015fap[\/stm_info_box][\/vc_column_inner][vc_column_inner width=&#8221;1\/3&#8243;][stm_info_box align_center=&#8221;yes&#8221; title=&#8221;\u00c7a\u011f\u0131&#8221;]20.yy[\/stm_info_box][\/vc_column_inner][vc_column_inner width=&#8221;1\/3&#8243;][stm_info_box align_center=&#8221;yes&#8221; title=&#8221;\u00d6l\u00e7\u00fcs\u00fc&#8221;]Uzunluk: 340cm. Geni\u015flik:145cm. Y\u00fckseklik:120cm[\/stm_info_box][\/vc_column_inner][\/vc_row_inner][vc_row_inner][vc_column_inner][vc_separator border_width=&#8221;2&#8243; css=&#8221;.vc_custom_1642556754610{padding-top: 20px !important;}&#8221;][vc_custom_heading stripe_pos=&#8221;hide&#8221; text=&#8221;Hikayesi&#8221; google_fonts=&#8221;font_family:Montserrat%3Aregular%2C700|font_style:700%20bold%20regular%3A700%3Anormal&#8221;][vc_column_text css=&#8221;.vc_custom_1644889753738{margin-bottom: 20px !important;}&#8221;][\/vc_column_text][\/vc_column_inner][\/vc_row_inner][vc_row_inner][vc_column_inner][vc_separator border_width=&#8221;2&#8243; css=&#8221;.vc_custom_1642556754610{padding-top: 20px !important;}&#8221;][vc_custom_heading stripe_pos=&#8221;hide&#8221; text=&#8221;Hikayesini Dinleyin ve \u0130zleyin&#8221; google_fonts=&#8221;font_family:Montserrat%3Aregular%2C700|font_style:700%20bold%20regular%3A700%3Anormal&#8221;][\/vc_column_inner][\/vc_row_inner][vc_column_text]<iframe title=\"YouTube video player\" src=\"https:\/\/www.youtube.com\/embed\/lFgXv4nDJf4\" width=\"860\" height=\"515\" frameborder=\"0\" allowfullscreen=\"allowfullscreen\"><\/iframe>[\/vc_column_text][vc_separator border_width=&#8221;2&#8243;][\/vc_column][vc_column width=&#8221;1\/4&#8243; css=&#8221;.vc_custom_1599566650568{padding-top: 30px !important;}&#8221;][stm_sidebar sidebar=&#8221;11264&#8243;][\/vc_column][\/vc_row]<\/p>\n","protected":false},"excerpt":{"rendered":"<p>[vc_row css=&#8221;.vc_custom_1589409003902{margin-bottom: 25px !important;}&#8221;][vc_column offset=&#8221;vc_col-lg-9 vc_col-md-9&#8243; css=&#8221;.vc_custom_1589409048546{padding-top: 30px !important;}&#8221;][vc_custom_heading stripe_pos=&#8221;hide&#8221; source=&#8221;post_title&#8221; font_container=&#8221;tag:h1|text_align:left&#8221; google_fonts=&#8221;font_family:Montserrat%3Aregular%2C700|font_style:700%20bold%20regular%3A700%3Anormal&#8221;][vc_separator border_width=&#8221;2&#8243;][vc_row_inner][vc_column_inner][vc_single_image image=&#8221;11269&#8243; img_size=&#8221;full&#8221; alignment=&#8221;center&#8221; style=&#8221;vc_box_border&#8221; onclick=&#8221;link_image&#8221;][\/vc_column_inner][\/vc_row_inner][vc_row_inner css=&#8221;.vc_custom_1642642917864{padding-top: 10px !important;}&#8221;][vc_column_inner][vc_custom_heading stripe_pos=&#8221;hide&#8221; text=&#8221;Eser Tan\u0131m\u0131&#8221; google_fonts=&#8221;font_family:Montserrat%3Aregular%2C700|font_style:700%20bold%20regular%3A700%3Anormal&#8221; css=&#8221;.vc_custom_1643021350399{padding-bottom: 10px !important;}&#8221;][vc_column_text css=&#8221;.vc_custom_1644889592716{margin-bottom: 20px !important;}&#8221;] D\u00f6rt tekerlekli ah\u015fap at arabas\u0131n\u0131n tekerleklerinin d\u0131\u015f y\u00fczeyi metal ile kaplanm\u0131\u015ft\u0131r. Tekerlek y\u00fczeyleri paslanm\u0131\u015ft\u0131r. [\/vc_column_text][\/vc_column_inner][\/vc_row_inner][vc_row_inner content_placement=&#8221;middle&#8221;][vc_column_inner width=&#8221;1\/3&#8243;][stm_info_box align_center=&#8221;yes&#8221; title=&#8221;Cinsi&#8221;]Metal &#8211; Ah\u015fap[\/stm_info_box][\/vc_column_inner][vc_column_inner width=&#8221;1\/3&#8243;][stm_info_box align_center=&#8221;yes&#8221;<\/p>\n","protected":false},"author":1,"featured_media":13129,"parent":0,"menu_order":0,"comment_status":"closed","ping_status":"closed","template":"","meta":[],"_links":{"self":[{"href":"https:\/\/www.kenanyavuzetnografyamuzesi.org\/en\/wp-json\/wp\/v2\/pages\/11892"}],"collection":[{"href":"https:\/\/www.kenanyavuzetnografyamuzesi.org\/en\/wp-json\/wp\/v2\/pages"}],"about":[{"href":"https:\/\/www.kenanyavuzetnografyamuzesi.org\/en\/wp-json\/wp\/v2\/types\/page"}],"author":[{"embeddable":true,"href":"https:\/\/www.kenanyavuzetnografyamuzesi.org\/en\/wp-json\/wp\/v2\/users\/1"}],"replies":[{"embeddable":true,"href":"https:\/\/www.kenanyavuzetnografyamuzesi.org\/en\/wp-json\/wp\/v2\/comments?post=11892"}],"version-history":[{"count":3,"href":"https:\/\/www.kenanyavuzetnografyamuzesi.org\/en\/wp-json\/wp\/v2\/pages\/11892\/revisions"}],"predecessor-version":[{"id":14274,"href":"https:\/\/www.kenanyavuzetnografyamuzesi.org\/en\/wp-json\/wp\/v2\/pages\/11892\/revisions\/14274"}],"wp:featuredmedia":[{"embeddable":true,"href":"https:\/\/www.kenanyavuzetnografyamuzesi.org\/en\/wp-json\/wp\/v2\/media\/13129"}],"wp:attachment":[{"href":"https:\/\/www.kenanyavuzetnografyamuzesi.org\/en\/wp-json\/wp\/v2\/media?parent=11892"}],"curies":[{"name":"wp","href":"https:\/\/api.w.org\/{rel}","templated":true}]}}