{"id":11810,"date":"2022-02-28T02:54:35","date_gmt":"2022-02-27T23:54:35","guid":{"rendered":"https:\/\/www.kenanyavuzetnografyamuzesi.org\/?page_id=11810\/"},"modified":"2022-09-17T00:46:54","modified_gmt":"2022-09-16T21:46:54","slug":"radio-2","status":"publish","type":"page","link":"https:\/\/www.kenanyavuzetnografyamuzesi.org\/en\/radio-2\/","title":{"rendered":"Radio"},"content":{"rendered":"<p>[vc_row css=&#8221;.vc_custom_1589409003902{margin-bottom: 25px !important;}&#8221;][vc_column offset=&#8221;vc_col-lg-9 vc_col-md-9&#8243; css=&#8221;.vc_custom_1589409048546{padding-top: 30px !important;}&#8221;][vc_custom_heading stripe_pos=&#8221;hide&#8221; source=&#8221;post_title&#8221; font_container=&#8221;tag:h1|text_align:left&#8221; google_fonts=&#8221;font_family:Montserrat%3Aregular%2C700|font_style:700%20bold%20regular%3A700%3Anormal&#8221;][vc_separator border_width=&#8221;2&#8243;][vc_row_inner][vc_column_inner][vc_single_image source=&#8221;featured_image&#8221; img_size=&#8221;full&#8221; alignment=&#8221;center&#8221; style=&#8221;vc_box_border&#8221; onclick=&#8221;link_image&#8221;][\/vc_column_inner][\/vc_row_inner][vc_row_inner css=&#8221;.vc_custom_1642642917864{padding-top: 10px !important;}&#8221;][vc_column_inner][vc_custom_heading stripe_pos=&#8221;hide&#8221; text=&#8221;Work Description&#8221; google_fonts=&#8221;font_family:Montserrat%3Aregular%2C700|font_style:700%20bold%20regular%3A700%3Anormal&#8221; css=&#8221;.vc_custom_1649889926858{padding-bottom: 10px !important;}&#8221;][vc_column_text css=&#8221;.vc_custom_1663364810248{margin-bottom: 20px !important;}&#8221;]NAME MEC\u0130T\u2026\u2026 HE IS MY FATHER<\/p>\n<p>He was born in 1934, the only son of M\u00fcnevver Han\u0131m and \u015eamil A\u011fa in Be\u015fp\u0131nar Village of Bayburt\u2026<br \/>\nEight sisters, one boy. A child of years of absence in a one-room house.<br \/>\nAt the age of 16, he fell in love with my mother, his uncle&#8217;s daughter, Alime, and the blue-eyed girl\u2026 Alime&#8217;s father was richer, she begged her father to ask for this girl&#8230; What should \u015eamil A\u011fa do, his only son left and asked Alime Han\u0131m, her father Faik Bey&#8230;<br \/>\nMr. Faik said that my daughter is small, but he did not want to offend his relative \u015eamil A\u011fa. They can&#8217;t get it anyway, so he asked \u015eamil A\u011fa for a dowry with the thought that I would solve the issue without resentment..<br \/>\nFaik Bey said to my daughter that I would like to be in Be\u015fibiryer\u2026 Alime Han\u0131m&#8217;s mother, Reyhan Han\u0131m, was also against this marriage. Don&#8217;t worry, Rehyane said, they can&#8217;t take the gold anyway, so we don&#8217;t give our daughter away without resentment&#8230;<br \/>\nBut Mecit is determined, what he did, he convinced his father, Shamil owed money to the agha, sold and sold everything he had and went and took it, gold in one place..<br \/>\nHe had to give his daughter Faik Bey\u2026<br \/>\nHe took Alime Han\u0131m at the age of 19 before he went to the military. Shortly after, the military service that lasted for two years without any leave.<br \/>\nShe was a poet, loved to write, a soulful person my father ..<br \/>\nIt&#8217;s easy to say, two years of uninterrupted military service because he has no money to take leave.<br \/>\nHe kept a diary while he was in the army, and put his longing into verses;<\/p>\n<p>My half has come again, I remember I cry<br \/>\nI cry with the fire of longing<br \/>\nHands celebrate, laugh and play<br \/>\nI tie the land once\u2026<\/p>\n<p>The door of my house faces north<br \/>\nHow nice are the roses of the army<br \/>\nA coy lover looks at my way too<br \/>\nFor this reason, I present you (Friday, 6 July 1956, Bergama)<\/p>\n<p>He worked hard, became the father of three boys and two girls, he struggled to get them all educated\u2026<br \/>\nThey used to call my father Fancy Mecit&#8230;<br \/>\nComing from the field, after taking care of the animals in the barn, they change their clothes and go to the village square.<br \/>\nThat&#8217;s why the villagers called him FANCY as a nickname&#8230;<\/p>\n<p>\u201cWe came early, son, to the world,\u201d he always told me. We suffered a lot, people today are very lucky&#8230;<\/p>\n<p>This tape was gifted to my father by a friend, he always liked to listen to sad weather.<br \/>\nA house here, a house across<br \/>\nThe problem is, what happened to our neighbors?<br \/>\nForty-year-old tree withered<br \/>\nIt doesn&#8217;t look like our village, come on&#8230;<\/p>\n<p>He loved this song.<br \/>\nWhen he saw every office and position I came to, he would say to me;<\/p>\n<p>&#8220;Don&#8217;t forget your village and where you came from, son&#8221;<\/p>\n<p>I didn&#8217;t forget my father, I made a museum for our field that you and I cut with scythes&#8230;<\/p>\n<p>Our trees do not dry out, a house does not stay here or across the street. People from all over the world are flocking to our village now&#8230;[\/vc_column_text][\/vc_column_inner][\/vc_row_inner][vc_row_inner content_placement=&#8221;middle&#8221;][vc_column_inner width=&#8221;1\/3&#8243;][stm_info_box align_center=&#8221;yes&#8221; title=&#8221;Type&#8221;]Wood &#8211; Iron[\/stm_info_box][\/vc_column_inner][vc_column_inner width=&#8221;1\/3&#8243;][stm_info_box align_center=&#8221;yes&#8221; title=&#8221;Era&#8221;]20th century[\/stm_info_box][\/vc_column_inner][vc_column_inner width=&#8221;1\/3&#8243;][stm_info_box align_center=&#8221;yes&#8221; title=&#8221;Size&#8221;]44x20cm.<br \/>\n[\/stm_info_box][\/vc_column_inner][\/vc_row_inner][vc_row_inner][vc_column_inner][vc_separator border_width=&#8221;2&#8243; css=&#8221;.vc_custom_1642556754610{padding-top: 20px !important;}&#8221;][vc_custom_heading stripe_pos=&#8221;hide&#8221; text=&#8221;Youtube Link&#8221; google_fonts=&#8221;font_family:Montserrat%3Aregular%2C700|font_style:700%20bold%20regular%3A700%3Anormal&#8221;][\/vc_column_inner][\/vc_row_inner][vc_column_text]<iframe title=\"YouTube video player\" src=\"https:\/\/www.youtube.com\/embed\/lFgXv4nDJf4\" width=\"860\" height=\"515\" frameborder=\"0\" allowfullscreen=\"allowfullscreen\"><\/iframe>[\/vc_column_text][vc_separator border_width=&#8221;2&#8243;][\/vc_column][vc_column width=&#8221;1\/4&#8243; css=&#8221;.vc_custom_1599566650568{padding-top: 30px !important;}&#8221;][stm_sidebar sidebar=&#8221;11264&#8243;][\/vc_column][\/vc_row]<\/p>\n","protected":false},"excerpt":{"rendered":"<p>[vc_row css=&#8221;.vc_custom_1589409003902{margin-bottom: 25px !important;}&#8221;][vc_column offset=&#8221;vc_col-lg-9 vc_col-md-9&#8243; css=&#8221;.vc_custom_1589409048546{padding-top: 30px !important;}&#8221;][vc_custom_heading stripe_pos=&#8221;hide&#8221; source=&#8221;post_title&#8221; font_container=&#8221;tag:h1|text_align:left&#8221; google_fonts=&#8221;font_family:Montserrat%3Aregular%2C700|font_style:700%20bold%20regular%3A700%3Anormal&#8221;][vc_separator border_width=&#8221;2&#8243;][vc_row_inner][vc_column_inner][vc_single_image source=&#8221;featured_image&#8221; img_size=&#8221;full&#8221; alignment=&#8221;center&#8221; style=&#8221;vc_box_border&#8221; onclick=&#8221;link_image&#8221;][\/vc_column_inner][\/vc_row_inner][vc_row_inner css=&#8221;.vc_custom_1642642917864{padding-top: 10px !important;}&#8221;][vc_column_inner][vc_custom_heading stripe_pos=&#8221;hide&#8221; text=&#8221;Work Description&#8221; google_fonts=&#8221;font_family:Montserrat%3Aregular%2C700|font_style:700%20bold%20regular%3A700%3Anormal&#8221; css=&#8221;.vc_custom_1649889926858{padding-bottom: 10px !important;}&#8221;][vc_column_text css=&#8221;.vc_custom_1663364810248{margin-bottom: 20px !important;}&#8221;]NAME MEC\u0130T\u2026\u2026 HE IS MY FATHER He was born in 1934, the only son of M\u00fcnevver Han\u0131m and \u015eamil A\u011fa in Be\u015fp\u0131nar Village of<\/p>\n","protected":false},"author":1,"featured_media":14433,"parent":0,"menu_order":0,"comment_status":"closed","ping_status":"closed","template":"","meta":[],"_links":{"self":[{"href":"https:\/\/www.kenanyavuzetnografyamuzesi.org\/en\/wp-json\/wp\/v2\/pages\/11810"}],"collection":[{"href":"https:\/\/www.kenanyavuzetnografyamuzesi.org\/en\/wp-json\/wp\/v2\/pages"}],"about":[{"href":"https:\/\/www.kenanyavuzetnografyamuzesi.org\/en\/wp-json\/wp\/v2\/types\/page"}],"author":[{"embeddable":true,"href":"https:\/\/www.kenanyavuzetnografyamuzesi.org\/en\/wp-json\/wp\/v2\/users\/1"}],"replies":[{"embeddable":true,"href":"https:\/\/www.kenanyavuzetnografyamuzesi.org\/en\/wp-json\/wp\/v2\/comments?post=11810"}],"version-history":[{"count":6,"href":"https:\/\/www.kenanyavuzetnografyamuzesi.org\/en\/wp-json\/wp\/v2\/pages\/11810\/revisions"}],"predecessor-version":[{"id":14444,"href":"https:\/\/www.kenanyavuzetnografyamuzesi.org\/en\/wp-json\/wp\/v2\/pages\/11810\/revisions\/14444"}],"wp:featuredmedia":[{"embeddable":true,"href":"https:\/\/www.kenanyavuzetnografyamuzesi.org\/en\/wp-json\/wp\/v2\/media\/14433"}],"wp:attachment":[{"href":"https:\/\/www.kenanyavuzetnografyamuzesi.org\/en\/wp-json\/wp\/v2\/media?parent=11810"}],"curies":[{"name":"wp","href":"https:\/\/api.w.org\/{rel}","templated":true}]}}